{"id":26801,"date":"2020-05-19T09:32:33","date_gmt":"2020-05-19T07:32:33","guid":{"rendered":"https:\/\/love-forever.solvdkunder.se\/?page_id=26801"},"modified":"2026-04-06T13:46:42","modified_gmt":"2026-04-06T11:46:42","slug":"villkor","status":"publish","type":"page","link":"https:\/\/loveforever.se\/en\/villkor\/","title":{"rendered":"Terms and Conditions"},"content":{"rendered":"<div class=\"row align-middle align-center\"  id=\"row-168357124\">\n\n\n\t<div id=\"col-1742547726\" class=\"col medium-8 small-12 large-8\"  >\n\t\t\t\t<div class=\"col-inner\"  >\n\t\t\t\n\t\t\t\n\n<h1>V\u00e5ra villkor<\/h1>\n<div class=\"accordion\">\n\n\t<div id=\"accordion-2723099055\" class=\"accordion-item\">\n\t\t<a id=\"accordion-2723099055-label\" class=\"accordion-title plain\" href=\"#accordion-item-villkor\" aria-expanded=\"false\" aria-controls=\"accordion-2723099055-content\">\n\t\t\t<button class=\"toggle\" aria-label=\"Toggle\"><i class=\"icon-angle-down\" aria-hidden=\"true\"><\/i><\/button>\n\t\t\t<span>Terms and Conditions<\/span>\n\t\t<\/a>\n\t\t<div id=\"accordion-2723099055-content\" class=\"accordion-inner\" aria-labelledby=\"accordion-2723099055-label\">\n\t\t\t\n\n<p>L\u00e4s igenom v\u00e5ra villkor och v\u00e5r\u00a0<a href=\"\/en\/integritetspolicy\/\">Privacy Policy<\/a>\u00a0innan du l\u00e4gger din order. N\u00e4r du lagt din order har du accepterat v\u00e5ra villkor. Du m\u00e5ste vara \u00f6ver 18 \u00e5r f\u00f6r att handla hos oss. Har du fler fr\u00e5gor kontakta oss p\u00e5\u00a0<a href=\"mailto:info@loveforever.se\">info@loveforever.se<\/a><\/p>\n<p>Handlar du fr\u00e5n Norge? Inga andra avgifter f\u00f6rutom varupris och frakt (som debiteras innan du checkar ut. Love Forever \u00e4r VOEC-registrerade, vilket inneb\u00e4r att vi debiterar norska kunder norsk moms (ing\u00e5r allts\u00e5 i priset du ser h\u00e4r i v\u00e5r webshop) och vi betalar in norsk moms varje kvartal till norska staten. VOEC, inneb\u00e4r ocks\u00e5 att vi s\u00e4nder alla ordrar under 3000kr tullfritt till Norge. S\u00e5 det tillkommer inga andra avgifter \u00e4n det du betalar h\u00e4r i v\u00e5r webshop.<\/p>\n<p data-start=\"139\" data-end=\"418\">Driver du butik och handlar via v\u00e5r B2B-shop skickas f\u00f6rst en <strong data-start=\"201\" data-end=\"232\">prelimin\u00e4r orderbekr\u00e4ftelse<\/strong> automatiskt till din e-post efter att du lagt din best\u00e4llning. Den slutgiltiga orderbekr\u00e4ftelsen skickas kort d\u00e4refter fr\u00e5n v\u00e5rt ekonomisystem och g\u00e4ller som bekr\u00e4ftelse p\u00e5 din order.<\/p>\n<p data-start=\"420\" data-end=\"563\">Alla produkter i B2B-shopen s\u00e4ljs i <strong data-start=\"456\" data-end=\"516\">f\u00f6rpackningar (pack) med f\u00f6rutbest\u00e4md storleksf\u00f6rdelning<\/strong>, oavsett hur best\u00e4llningen l\u00e4ggs i systemet.<\/p>\n<p data-start=\"565\" data-end=\"639\">Vi reserverar oss f\u00f6r <strong data-start=\"587\" data-end=\"606\">slutf\u00f6rs\u00e4ljning<\/strong> samt eventuella lageravvikelser.<\/p>\n\n\t\t<\/div>\n\t<\/div>\n\t\n\t<div id=\"accordion-4073861361\" class=\"accordion-item\">\n\t\t<a id=\"accordion-4073861361-label\" class=\"accordion-title plain\" href=\"#accordion-item-priser\" aria-expanded=\"false\" aria-controls=\"accordion-4073861361-content\">\n\t\t\t<button class=\"toggle\" aria-label=\"Toggle\"><i class=\"icon-angle-down\" aria-hidden=\"true\"><\/i><\/button>\n\t\t\t<span>Priser<\/span>\n\t\t<\/a>\n\t\t<div id=\"accordion-4073861361-content\" class=\"accordion-inner\" aria-labelledby=\"accordion-4073861361-label\">\n\t\t\t\n\n<p>Alla priser \u00e4r inklusive 25% moms. ut.&nbsp;<\/p>\n\n\t\t<\/div>\n\t<\/div>\n\t\n\t<div id=\"accordion-2595077684\" class=\"accordion-item\">\n\t\t<a id=\"accordion-2595077684-label\" class=\"accordion-title plain\" href=\"#accordion-item-leverans-och-leveranstid\" aria-expanded=\"false\" aria-controls=\"accordion-2595077684-content\">\n\t\t\t<button class=\"toggle\" aria-label=\"Toggle\"><i class=\"icon-angle-down\" aria-hidden=\"true\"><\/i><\/button>\n\t\t\t<span>Leverans och leveranstid<\/span>\n\t\t<\/a>\n\t\t<div id=\"accordion-2595077684-content\" class=\"accordion-inner\" aria-labelledby=\"accordion-2595077684-label\">\n\t\t\t\n\n<p>Alla v\u00e5ra leveranser sker med Postnord (Sverige) och UPS (Norge).<\/p>\n<p>I Sverige kan du v\u00e4lja att f\u00e5 ditt paket till Postnord Utl\u00e4mningsst\u00e4lle, till paketsk\u00e5p p\u00e5 Utl\u00e4mningsst\u00e4lle eller hemleverans (ej Norrland).\u00a0<\/p>\n<p>Sverige: ladda ner Postnords app s\u00e5 kan du f\u00f6lja alla dina f\u00f6rs\u00e4ndelser. Det \u00e4r i appen du blir aviserad n\u00e4r ditt paket finns att h\u00e4mta p\u00e5 utl\u00e4mningsst\u00e4llet. Det \u00e4r \u00e4ven i appen du kommer f\u00e5 en QR-kod f\u00f6r returfraktsedel om du vill returnera.\u00a0\u00a0<\/p>\n\n\t\t<\/div>\n\t<\/div>\n\t\n\t<div id=\"accordion-2067009477\" class=\"accordion-item\">\n\t\t<a id=\"accordion-2067009477-label\" class=\"accordion-title plain\" href=\"#accordion-item-fraktkostnad\" aria-expanded=\"false\" aria-controls=\"accordion-2067009477-content\">\n\t\t\t<button class=\"toggle\" aria-label=\"Toggle\"><i class=\"icon-angle-down\" aria-hidden=\"true\"><\/i><\/button>\n\t\t\t<span>Fraktkostnad<\/span>\n\t\t<\/a>\n\t\t<div id=\"accordion-2067009477-content\" class=\"accordion-inner\" aria-labelledby=\"accordion-2067009477-label\">\n\t\t\t\n\n<p><b>Fraktkostnad\u00a0<\/b> 59kr Sverige f\u00f6r utl\u00e4mningsst\u00e4lle eller paketsk\u00e5p, hemleverans (ej Norrland) 129kr.\u00a0 200kr Norge.\u00a0<\/p>\n\n\t\t<\/div>\n\t<\/div>\n\t\n\t<div id=\"accordion-1003942920\" class=\"accordion-item\">\n\t\t<a id=\"accordion-1003942920-label\" class=\"accordion-title plain\" href=\"#accordion-item-betalning\" aria-expanded=\"false\" aria-controls=\"accordion-1003942920-content\">\n\t\t\t<button class=\"toggle\" aria-label=\"Toggle\"><i class=\"icon-angle-down\" aria-hidden=\"true\"><\/i><\/button>\n\t\t\t<span>Betalning<\/span>\n\t\t<\/a>\n\t\t<div id=\"accordion-1003942920-content\" class=\"accordion-inner\" aria-labelledby=\"accordion-1003942920-label\">\n\t\t\t\n\n<p><strong>P\u00e5\u00a0<a href=\"https:\/\/loveforever.se\/en\/\">www.loveforever.se<\/a>\u00a0kan du v\u00e4lja f\u00f6ljande betalningss\u00e4tt:<\/strong>\u00a0<b><\/b><\/p>\n<p><strong>Klarna:<\/strong><\/p>\n<p>Faktura: Handla nu \u2013 betala\u00a014 dagar efter leveransdag!<\/p>\n<p>F\u00f6r att handla mot faktura beh\u00f6ver vi ditt personnummer. En kreditupplysning g\u00f6rs online p\u00e5 n\u00e5gra sekunder och du f\u00e5r besked direkt om k\u00f6pet g\u00e5r att genomf\u00f6ra mot faktura.<\/p>\n<p>Kort: du kan \u00e4ven handla med kort via Klarna.<\/p>\n<p>H\u00e4r \u00e4r Klarnas k\u00f6pvillkor:<\/p>\n<p><a href=\"https:\/\/cdn.klarna.com\/1.0\/shared\/content\/legal\/terms\/42209\/sv_se\/user\">https:\/\/cdn.klarna.com\/1.0\/shared\/content\/legal\/terms\/42209\/sv_se\/user<\/a><\/p>\n<p>Alla fr\u00e5gor r\u00f6rande betalning och kontot, v\u00e4nligen kontakta Klarna direkt p\u00e5 tel 08-120 120 00.<\/p>\n<div>\u00a0<\/div>\n<div>\n<p><b>Information om \u00e5ngerr\u00e4tt<\/b><\/p>\n<p>Enligt Distans- och hemf\u00f6rs\u00e4ljningslagen har Du som konsument (detta g\u00e4ller ej f\u00f6retag) r\u00e4tt att fr\u00e5ntr\u00e4da avtalet genom att meddela oss detta inom 14 dagar fr\u00e5n mottagandet av varan. F\u00f6r att Du skall kunna nyttja din \u00e5ngerr\u00e4tt m\u00e5ste Du returnera varan i oskadat skick, i originalf\u00f6rpackning.<\/p>\n<\/div>\n<p>\u00a0<\/p>\n<p><strong>Swish<\/strong><\/p>\n<p>Betala enkelt med Swish.<\/p>\n<p>\u00a0<\/p>\n<p>\u00a0<\/p>\n\n\t\t<\/div>\n\t<\/div>\n\t\n\t<div id=\"accordion-3438666848\" class=\"accordion-item\">\n\t\t<a id=\"accordion-3438666848-label\" class=\"accordion-title plain\" href=\"#accordion-item-retur--och-\u00e5ngerr\u00e4tt\" aria-expanded=\"false\" aria-controls=\"accordion-3438666848-content\">\n\t\t\t<button class=\"toggle\" aria-label=\"Toggle\"><i class=\"icon-angle-down\" aria-hidden=\"true\"><\/i><\/button>\n\t\t\t<span>Retur- och \u00e5ngerr\u00e4tt<\/span>\n\t\t<\/a>\n\t\t<div id=\"accordion-3438666848-content\" class=\"accordion-inner\" aria-labelledby=\"accordion-3438666848-label\">\n\t\t\t\n\n<p>Du kan returnera din vara inom 14 dagar fr\u00e5n att vi skickat din best\u00e4llning.<\/p>\n<p>Det g\u00e5r inte att returnera varor som kostar mindre \u00e4n 350 SEK, samt accessoarer, smycken och glas\u00f6gon. Om du returnerar dessa \u00e4nd\u00e5, tas en returavgift p\u00e5 250 SEK ut\/per artikel. Det g\u00e5r heller inte att returnera varor som har mer \u00e4n 29% rabatt. Om du returnerar dessa, tas en returavgift p\u00e5 200 SEK ut, och om du returnerar flera plagg, l\u00e4ggs 100 SEK i returavgift per plagg till.<\/p>\n<p>Varor fr\u00e5n v\u00e5r &#8220;Fynda&#8221;-kategori kan inte bytas eller returneras.<\/p>\n<p>Om du returnerar f\u00f6r sent, kan vi ta ut en avgift p\u00e5 400 SEK. Returen m\u00e5ste l\u00e4mnas till Postnord senast 14 dagar efter att vi skickat din best\u00e4llning. Om du inte l\u00f6ser ut ditt paket, kommer vi ta ut en avgift p\u00e5 400 SEK. Om din best\u00e4llning \u00e4r \u00f6ver 5000 SEK och du inte l\u00f6ser ut paketet, tas en avgift p\u00e5 1000 SEK ut.<\/p>\n<p>Varan m\u00e5ste returneras i originalskick, med alla etiketter kvar och i originalf\u00f6rpackning. Varan f\u00e5r inte lukta parfym eller ha makeupfl\u00e4ckar.<\/p>\n<p>I ditt paket finns en f\u00f6ljesedel som f\u00f6rklarar hur du returnerar varan. F\u00f6lj instruktionerna p\u00e5 f\u00f6ljesedeln f\u00f6r retur eller byte. L\u00e4mna in din retur p\u00e5 samma st\u00e4lle d\u00e4r du h\u00e4mtade ut ditt paket. Vi h\u00e4mtar inte returer p\u00e5 andra st\u00e4llen. N\u00e4r vi f\u00e5tt din retur, kommer vi att \u00e5terbetala dig via Klarna eller Swish.<\/p>\n<p><strong>Returavgifter:<\/strong><\/p>\n<ul>\n<li>Sverige &amp; Danmark:\n<ul>\n<li>F\u00f6r varuv\u00e4rde upp till 1500 SEK: 150 SEK<\/li>\n<li>F\u00f6r varuv\u00e4rde 1500-2500 SEK: 200 SEK<\/li>\n<li>F\u00f6r varuv\u00e4rde 2500-3000 SEK: 300 SEK<\/li>\n<li>F\u00f6r varuv\u00e4rde \u00f6ver 3000 SEK: 600 SEK<\/li>\n<li>F\u00f6r varuv\u00e4rde \u00f6ver 5000 SEK: 1000 SEK<\/li>\n<li>Om originalp\u00e5se saknas, tillkommer 100 SEK.<\/li>\n<\/ul>\n<\/li>\n<li>Norge:\n<ul>\n<li>F\u00f6r varuv\u00e4rde upp till 1500 SEK: 290 SEK<\/li>\n<li>F\u00f6r varuv\u00e4rde 1500-2500 SEK: 350 SEK<\/li>\n<li>F\u00f6r varuv\u00e4rde \u00f6ver 2500 SEK: 450 SEK<\/li>\n<li>F\u00f6r varuv\u00e4rde \u00f6ver 3000 SEK: 750 SEK<\/li>\n<\/ul>\n<\/li>\n<\/ul>\n<p>Om du valt att h\u00e4mta din best\u00e4llning i butik och vill returnera varan d\u00e4r, tillkommer en avgift p\u00e5 50 SEK f\u00f6r packmaterial, arbete och reservering av varan.<\/p>\n<p>Returavgiften debiteras oavsett om du v\u00e4ljer att betala den sj\u00e4lv. Vi har h\u00f6ga kostnader f\u00f6r returer och kan tyv\u00e4rr inte erbjuda fria byten. Maila oss p\u00e5 <a rel=\"noopener\">info@loveforever.se<\/a> om du beh\u00f6ver hj\u00e4lp.<\/p>\n<p><strong>Byte:<\/strong> Du kan byta varor mot en avgift p\u00e5 100 SEK plus fraktkostnad. Om du returnerar varorna \u00e4nd\u00e5, g\u00e4ller samma returavgifter som ovan.<\/p>\n<p><strong>Weborder i butik:<\/strong> Om du har best\u00e4llt online och vill byta i v\u00e5r butik i \u00c5kersberga, kan du inte g\u00f6ra det direkt d\u00e4r. Om du vill byta, f\u00e5r du k\u00f6pa n\u00e5got nytt i butiken, och vi krediterar din weborder minus returavgift n\u00e4sta arbetsdag.<\/p>\n\n\t\t<\/div>\n\t<\/div>\n\t\n\n<\/div>\n\n\t\t<\/div>\n\t\t\t\t\t<\/div>\n\n\t\n\n<\/div>","protected":false},"excerpt":{"rendered":"","protected":false},"author":1,"featured_media":0,"parent":0,"menu_order":0,"comment_status":"closed","ping_status":"closed","template":"","meta":{"_acf_changed":false,"footnotes":""},"class_list":["post-26801","page","type-page","status-publish","hentry"],"acf":[],"_links":{"self":[{"href":"https:\/\/loveforever.se\/en\/wp-json\/wp\/v2\/pages\/26801","targetHints":{"allow":["GET"]}}],"collection":[{"href":"https:\/\/loveforever.se\/en\/wp-json\/wp\/v2\/pages"}],"about":[{"href":"https:\/\/loveforever.se\/en\/wp-json\/wp\/v2\/types\/page"}],"author":[{"embeddable":true,"href":"https:\/\/loveforever.se\/en\/wp-json\/wp\/v2\/users\/1"}],"replies":[{"embeddable":true,"href":"https:\/\/loveforever.se\/en\/wp-json\/wp\/v2\/comments?post=26801"}],"version-history":[{"count":40,"href":"https:\/\/loveforever.se\/en\/wp-json\/wp\/v2\/pages\/26801\/revisions"}],"predecessor-version":[{"id":574033,"href":"https:\/\/loveforever.se\/en\/wp-json\/wp\/v2\/pages\/26801\/revisions\/574033"}],"wp:attachment":[{"href":"https:\/\/loveforever.se\/en\/wp-json\/wp\/v2\/media?parent=26801"}],"curies":[{"name":"wp","href":"https:\/\/api.w.org\/{rel}","templated":true}]}}