{"id":345588,"date":"2021-07-28T12:19:34","date_gmt":"2021-07-28T10:19:34","guid":{"rendered":"https:\/\/loveforever.se\/?page_id=345588"},"modified":"2025-12-10T21:41:55","modified_gmt":"2025-12-10T20:41:55","slug":"b2b","status":"publish","type":"page","link":"https:\/\/loveforever.se\/en\/b2b\/","title":{"rendered":"B2B"},"content":{"rendered":"<h1 class=\"uppercase\" style=\"text-align: center;\">b2b<\/h1>\n<div class=\"is-divider divider clearfix\" ><\/div>\n\n<div class=\"row\"  id=\"row-1640782395\">\n\n\n\t<div id=\"col-1243824021\" class=\"col medium-6 small-12 large-6\"  >\n\t\t\t\t<div class=\"col-inner\"  >\n\t\t\t\n\t\t\t\n\n<p>Vill du bli en \u00e5terf\u00f6rs\u00e4ljare?<br \/>Om du vill vara en del av detta maila oss p\u00e5 terece@loveforever.se.<\/p>\n\n\n\t\t<\/div>\n\t\t\t\t\t<\/div>\n\n\t\n\n\t<div id=\"col-1864727905\" class=\"col medium-6 small-12 large-6\"  >\n\t\t\t\t<div class=\"col-inner\"  >\n\t\t\t\n\t\t\t\n\n\n\t\t<\/div>\n\t\t\t\t\t<\/div>\n\n\t\n\n<\/div>","protected":false},"excerpt":{"rendered":"","protected":false},"author":11278,"featured_media":0,"parent":0,"menu_order":0,"comment_status":"closed","ping_status":"closed","template":"","meta":{"_acf_changed":false,"footnotes":""},"class_list":["post-345588","page","type-page","status-publish","hentry"],"acf":[],"_links":{"self":[{"href":"https:\/\/loveforever.se\/en\/wp-json\/wp\/v2\/pages\/345588","targetHints":{"allow":["GET"]}}],"collection":[{"href":"https:\/\/loveforever.se\/en\/wp-json\/wp\/v2\/pages"}],"about":[{"href":"https:\/\/loveforever.se\/en\/wp-json\/wp\/v2\/types\/page"}],"author":[{"embeddable":true,"href":"https:\/\/loveforever.se\/en\/wp-json\/wp\/v2\/users\/11278"}],"replies":[{"embeddable":true,"href":"https:\/\/loveforever.se\/en\/wp-json\/wp\/v2\/comments?post=345588"}],"version-history":[{"count":12,"href":"https:\/\/loveforever.se\/en\/wp-json\/wp\/v2\/pages\/345588\/revisions"}],"predecessor-version":[{"id":569921,"href":"https:\/\/loveforever.se\/en\/wp-json\/wp\/v2\/pages\/345588\/revisions\/569921"}],"wp:attachment":[{"href":"https:\/\/loveforever.se\/en\/wp-json\/wp\/v2\/media?parent=345588"}],"curies":[{"name":"wp","href":"https:\/\/api.w.org\/{rel}","templated":true}]}}