{"id":452487,"date":"2023-02-06T11:03:04","date_gmt":"2023-02-06T10:03:04","guid":{"rendered":"https:\/\/loveforever.se\/?post_type=product&#038;p=452487"},"modified":"2026-05-07T15:51:39","modified_gmt":"2026-05-07T13:51:39","slug":"frakt","status":"publish","type":"product","link":"https:\/\/loveforever.se\/en\/produkt\/frakt\/","title":{"rendered":"Frakt"},"content":{"rendered":"","protected":false},"excerpt":{"rendered":"<p>Total fraktkostnad blir 69kr n\u00e4r du checkar ut! Om du lagt order tidigare, och valt att h\u00e4mta i butik, men \u00e4nd\u00e5 vill ha det skickat k\u00f6per du denna frakt. Ange ordernummer p\u00e5 det du vill ha skickat i noteringsf\u00e4ltet i kassan.<br \/>\nV\u00e4lj betalningss\u00e4tt swish, tack! <\/p>","protected":false},"featured_media":0,"comment_status":"closed","ping_status":"closed","template":"","meta":{"_acf_changed":false},"product_brand":[],"product_cat":[15],"product_tag":[],"class_list":{"0":"post-452487","1":"product","2":"type-product","3":"status-publish","5":"product_cat-okategoriserad","7":"first","8":"instock","9":"taxable","10":"shipping-taxable","11":"purchasable","12":"product-type-simple"},"acf":[],"gallery_images":[],"_links":{"self":[{"href":"https:\/\/loveforever.se\/en\/wp-json\/wp\/v2\/product\/452487","targetHints":{"allow":["GET"]}}],"collection":[{"href":"https:\/\/loveforever.se\/en\/wp-json\/wp\/v2\/product"}],"about":[{"href":"https:\/\/loveforever.se\/en\/wp-json\/wp\/v2\/types\/product"}],"replies":[{"embeddable":true,"href":"https:\/\/loveforever.se\/en\/wp-json\/wp\/v2\/comments?post=452487"}],"wp:attachment":[{"href":"https:\/\/loveforever.se\/en\/wp-json\/wp\/v2\/media?parent=452487"}],"wp:term":[{"taxonomy":"product_brand","embeddable":true,"href":"https:\/\/loveforever.se\/en\/wp-json\/wp\/v2\/product_brand?post=452487"},{"taxonomy":"product_cat","embeddable":true,"href":"https:\/\/loveforever.se\/en\/wp-json\/wp\/v2\/product_cat?post=452487"},{"taxonomy":"product_tag","embeddable":true,"href":"https:\/\/loveforever.se\/en\/wp-json\/wp\/v2\/product_tag?post=452487"}],"curies":[{"name":"wp","href":"https:\/\/api.w.org\/{rel}","templated":true}]}}