{"id":526069,"date":"2024-02-07T22:38:44","date_gmt":"2024-02-07T21:38:44","guid":{"rendered":"https:\/\/loveforever.se\/?post_type=product&#038;p=526069"},"modified":"2026-05-07T17:16:49","modified_gmt":"2026-05-07T15:16:49","slug":"melodie-jeans","status":"publish","type":"product","link":"https:\/\/loveforever.se\/en\/produkt\/melodie-jeans\/","title":{"rendered":"Melodie Jeans &#8211; utsv\u00e4ngda jeans med stretch"},"content":{"rendered":"","protected":false},"excerpt":{"rendered":"<p>ina \u00e4lsklingsjeans \u00e4r \u00e4ntligen h\u00e4r igen!<\/p>\n<p>De perfekta jeansen f\u00f6r en modern och chic look! Croppade och med en snyggt utsv\u00e4ngd silhuett som smickrar figuren. Den coola detaljen l\u00e4ngst ner g\u00f6r dem till en riktig garderobshj\u00e4lte.<\/p>\n<p>\u2728 Varf\u00f6r du kommer \u00e4lska dem:<\/p>\n<p>Trendiga och bekv\u00e4ma: Perfekt l\u00e4ngd f\u00f6r b\u00e5de sneakers och klackar.<br \/>\nPassform f\u00f6r alla: Normala i storlek och passar upp till l\u00e4ngd 172-174 cm.<br \/>\nModellerna visar v\u00e4gen: 162 cm (XS) och 174 cm (M).<br \/>\nSl\u00e4ng p\u00e5 dina favoritskor och k\u00e4nn dig snygg varje dag \u2013 dessa jeans kommer bli din nya favorit!<\/p>","protected":false},"featured_media":557938,"comment_status":"open","ping_status":"closed","template":"","meta":{"_acf_changed":false},"product_brand":[],"product_cat":[1145,1146,1208,1222,1218],"product_tag":[],"class_list":{"0":"post-526069","1":"product","2":"type-product","3":"status-publish","4":"has-post-thumbnail","6":"product_cat-denim","7":"product_cat-nederdelar","8":"product_cat-shoppafranlive","9":"product_cat-stretch-jeans-dam","10":"product_cat-utsvangda-jeans-dam","12":"first","13":"instock","14":"taxable","15":"shipping-taxable","16":"purchasable","17":"product-type-variable"},"acf":[],"gallery_images":[557939,557940],"_links":{"self":[{"href":"https:\/\/loveforever.se\/en\/wp-json\/wp\/v2\/product\/526069","targetHints":{"allow":["GET"]}}],"collection":[{"href":"https:\/\/loveforever.se\/en\/wp-json\/wp\/v2\/product"}],"about":[{"href":"https:\/\/loveforever.se\/en\/wp-json\/wp\/v2\/types\/product"}],"replies":[{"embeddable":true,"href":"https:\/\/loveforever.se\/en\/wp-json\/wp\/v2\/comments?post=526069"}],"wp:featuredmedia":[{"embeddable":true,"href":"https:\/\/loveforever.se\/en\/wp-json\/wp\/v2\/media\/557938"}],"wp:attachment":[{"href":"https:\/\/loveforever.se\/en\/wp-json\/wp\/v2\/media?parent=526069"}],"wp:term":[{"taxonomy":"product_brand","embeddable":true,"href":"https:\/\/loveforever.se\/en\/wp-json\/wp\/v2\/product_brand?post=526069"},{"taxonomy":"product_cat","embeddable":true,"href":"https:\/\/loveforever.se\/en\/wp-json\/wp\/v2\/product_cat?post=526069"},{"taxonomy":"product_tag","embeddable":true,"href":"https:\/\/loveforever.se\/en\/wp-json\/wp\/v2\/product_tag?post=526069"}],"curies":[{"name":"wp","href":"https:\/\/api.w.org\/{rel}","templated":true}]}}