{"id":530545,"date":"2024-03-21T20:08:10","date_gmt":"2024-03-21T19:08:10","guid":{"rendered":"https:\/\/loveforever.se\/?post_type=product&#038;p=530545"},"modified":"2026-05-07T13:21:29","modified_gmt":"2026-05-07T11:21:29","slug":"annie-jeansjacka-nitar","status":"publish","type":"product","link":"https:\/\/loveforever.se\/en\/produkt\/annie-jeansjacka-nitar\/","title":{"rendered":"Annie Jeans Jacket Studs"},"content":{"rendered":"","protected":false},"excerpt":{"rendered":"<p>Den ultimata jeansjackan \u2013 Oversize och full av attityd!<\/p>\n<p>\u00c4ntligen \u00e4r den h\u00e4r \u2013 jeansjackan som tar din outfit till n\u00e4sta niv\u00e5!<\/p>\n<p>Trendig design: Oversize-passform med coola detaljer, nitar och r\u00e5a kanter som ger en edgy look.<br \/>\nStilfull m\u00e5ngsidighet: Kombinera med en s\u00f6t kl\u00e4nning f\u00f6r en kontrastfull stil, eller k\u00f6r helcoolt med slitna jeans eller shorts och boots.<br \/>\nPerfekt passform: Normal i storlek och enkel att styla efter din personliga look.<br \/>\nOavsett om du vill vara rockigt avslappnad eller mixa s\u00f6tt med tufft, \u00e4r denna jeansjacka ett m\u00e5ste i garderoben!<\/p>\n<p>G\u00f6r din outfit of the day of\u00f6rgl\u00f6mlig \u2013 best\u00e4ll din jeansjacka idag!<\/p>","protected":false},"featured_media":571780,"comment_status":"open","ping_status":"closed","template":"","meta":{"_acf_changed":false},"product_brand":[],"product_cat":[1145,1219,1160,1159,1208],"product_tag":[],"class_list":{"0":"post-530545","1":"product","2":"type-product","3":"status-publish","4":"has-post-thumbnail","6":"product_cat-denim","7":"product_cat-jeansjacka-dam","8":"product_cat-jackor-vastar","9":"product_cat-nyheter","10":"product_cat-shoppafranlive","12":"first","13":"instock","14":"taxable","15":"shipping-taxable","16":"purchasable","17":"product-type-variable"},"acf":[],"gallery_images":[571773,571776,571775,571774,571777,571778,571779],"_links":{"self":[{"href":"https:\/\/loveforever.se\/en\/wp-json\/wp\/v2\/product\/530545","targetHints":{"allow":["GET"]}}],"collection":[{"href":"https:\/\/loveforever.se\/en\/wp-json\/wp\/v2\/product"}],"about":[{"href":"https:\/\/loveforever.se\/en\/wp-json\/wp\/v2\/types\/product"}],"replies":[{"embeddable":true,"href":"https:\/\/loveforever.se\/en\/wp-json\/wp\/v2\/comments?post=530545"}],"wp:featuredmedia":[{"embeddable":true,"href":"https:\/\/loveforever.se\/en\/wp-json\/wp\/v2\/media\/571780"}],"wp:attachment":[{"href":"https:\/\/loveforever.se\/en\/wp-json\/wp\/v2\/media?parent=530545"}],"wp:term":[{"taxonomy":"product_brand","embeddable":true,"href":"https:\/\/loveforever.se\/en\/wp-json\/wp\/v2\/product_brand?post=530545"},{"taxonomy":"product_cat","embeddable":true,"href":"https:\/\/loveforever.se\/en\/wp-json\/wp\/v2\/product_cat?post=530545"},{"taxonomy":"product_tag","embeddable":true,"href":"https:\/\/loveforever.se\/en\/wp-json\/wp\/v2\/product_tag?post=530545"}],"curies":[{"name":"wp","href":"https:\/\/api.w.org\/{rel}","templated":true}]}}