{"id":543852,"date":"2024-08-08T12:08:03","date_gmt":"2024-08-08T10:08:03","guid":{"rendered":"https:\/\/loveforever.se\/?post_type=product&#038;p=543852"},"modified":"2026-04-27T11:27:14","modified_gmt":"2026-04-27T09:27:14","slug":"berry-dazzle-lipgloss","status":"publish","type":"product","link":"https:\/\/loveforever.se\/en\/produkt\/berry-dazzle-lipgloss\/","title":{"rendered":"Berry Dazzle Lipgloss"},"content":{"rendered":"","protected":false},"excerpt":{"rendered":"<p>Uppt\u00e4ck v\u00e5rt nya favorit-l\u00e4ppglans som kombinerar mjukhet och lyx! Detta gloss har en mjuk, gosig konsistens och en perfekt beigerosa f\u00e4rg som passar alla hudtoner. Direkt fr\u00e5n LA, ger det dina l\u00e4ppar en naturlig glans med en touch av glamour \u2013 perfekt f\u00f6r b\u00e5de vardag och fest. \ud83d\udc84<\/p>\n<p>Formulan \u00e4r l\u00e4tt att applicera, k\u00e4nns behaglig hela dagen och ger en fr\u00e4sch, \u00e5terfuktad look. Ett m\u00e5ste f\u00f6r alla som \u00e4lskar stilrena sk\u00f6nhetsprodukter med en touch av Kalifornisk lyx. L\u00e5t dina l\u00e4ppar str\u00e5la med detta trendiga gloss! \ud83c\udf1f<\/p>","protected":false},"featured_media":558623,"comment_status":"closed","ping_status":"closed","template":"","meta":{"_acf_changed":false},"product_brand":[],"product_cat":[1133,1180],"product_tag":[],"class_list":{"0":"post-543852","1":"product","2":"type-product","3":"status-publish","4":"has-post-thumbnail","6":"product_cat-accessoarer","7":"product_cat-skonhet","9":"first","10":"instock","11":"taxable","12":"shipping-taxable","13":"purchasable","14":"product-type-simple"},"acf":[],"gallery_images":[],"_links":{"self":[{"href":"https:\/\/loveforever.se\/en\/wp-json\/wp\/v2\/product\/543852","targetHints":{"allow":["GET"]}}],"collection":[{"href":"https:\/\/loveforever.se\/en\/wp-json\/wp\/v2\/product"}],"about":[{"href":"https:\/\/loveforever.se\/en\/wp-json\/wp\/v2\/types\/product"}],"replies":[{"embeddable":true,"href":"https:\/\/loveforever.se\/en\/wp-json\/wp\/v2\/comments?post=543852"}],"wp:featuredmedia":[{"embeddable":true,"href":"https:\/\/loveforever.se\/en\/wp-json\/wp\/v2\/media\/558623"}],"wp:attachment":[{"href":"https:\/\/loveforever.se\/en\/wp-json\/wp\/v2\/media?parent=543852"}],"wp:term":[{"taxonomy":"product_brand","embeddable":true,"href":"https:\/\/loveforever.se\/en\/wp-json\/wp\/v2\/product_brand?post=543852"},{"taxonomy":"product_cat","embeddable":true,"href":"https:\/\/loveforever.se\/en\/wp-json\/wp\/v2\/product_cat?post=543852"},{"taxonomy":"product_tag","embeddable":true,"href":"https:\/\/loveforever.se\/en\/wp-json\/wp\/v2\/product_tag?post=543852"}],"curies":[{"name":"wp","href":"https:\/\/api.w.org\/{rel}","templated":true}]}}