{"id":544712,"date":"2024-08-20T15:00:36","date_gmt":"2024-08-20T13:00:36","guid":{"rendered":"https:\/\/loveforever.se\/?post_type=product&#038;p=544712"},"modified":"2026-04-12T14:23:24","modified_gmt":"2026-04-12T12:23:24","slug":"anna-stretch-jeans-bla","status":"publish","type":"product","link":"https:\/\/loveforever.se\/en\/produkt\/anna-stretch-jeans-bla\/","title":{"rendered":"Anna Stretch Jeans Bl\u00e5"},"content":{"rendered":"","protected":false},"excerpt":{"rendered":"<p>Snygga stretchjeans dam med mycket smickrande passform. H\u00f6gre midja, r\u00e5 kant nedtill. Anv\u00e4nd b\u00e5de till vardags och kontor, beroende p\u00e5 hur du stylar dem.  <\/p>","protected":false},"featured_media":544699,"comment_status":"open","ping_status":"closed","template":"","meta":{"_acf_changed":false},"product_brand":[],"product_cat":[1145,1146,1268,1222,1203,1224],"product_tag":[],"class_list":{"0":"post-544712","1":"product","2":"type-product","3":"status-publish","4":"has-post-thumbnail","6":"product_cat-denim","7":"product_cat-nederdelar","8":"product_cat-readenim","9":"product_cat-stretch-jeans-dam","10":"product_cat-rea","11":"product_cat-tighta-jeans-dam","13":"first","14":"instock","15":"sale","16":"taxable","17":"shipping-taxable","18":"purchasable","19":"product-type-variable"},"acf":[],"gallery_images":[544701,544700],"_links":{"self":[{"href":"https:\/\/loveforever.se\/en\/wp-json\/wp\/v2\/product\/544712","targetHints":{"allow":["GET"]}}],"collection":[{"href":"https:\/\/loveforever.se\/en\/wp-json\/wp\/v2\/product"}],"about":[{"href":"https:\/\/loveforever.se\/en\/wp-json\/wp\/v2\/types\/product"}],"replies":[{"embeddable":true,"href":"https:\/\/loveforever.se\/en\/wp-json\/wp\/v2\/comments?post=544712"}],"wp:featuredmedia":[{"embeddable":true,"href":"https:\/\/loveforever.se\/en\/wp-json\/wp\/v2\/media\/544699"}],"wp:attachment":[{"href":"https:\/\/loveforever.se\/en\/wp-json\/wp\/v2\/media?parent=544712"}],"wp:term":[{"taxonomy":"product_brand","embeddable":true,"href":"https:\/\/loveforever.se\/en\/wp-json\/wp\/v2\/product_brand?post=544712"},{"taxonomy":"product_cat","embeddable":true,"href":"https:\/\/loveforever.se\/en\/wp-json\/wp\/v2\/product_cat?post=544712"},{"taxonomy":"product_tag","embeddable":true,"href":"https:\/\/loveforever.se\/en\/wp-json\/wp\/v2\/product_tag?post=544712"}],"curies":[{"name":"wp","href":"https:\/\/api.w.org\/{rel}","templated":true}]}}