{"id":548214,"date":"2024-10-16T11:13:55","date_gmt":"2024-10-16T09:13:55","guid":{"rendered":"https:\/\/loveforever.se\/?post_type=product&#038;p=548214"},"modified":"2026-04-06T18:08:29","modified_gmt":"2026-04-06T16:08:29","slug":"knekkis-original-blue-multi","status":"publish","type":"product","link":"https:\/\/loveforever.se\/en\/produkt\/knekkis-original-blue-multi\/","title":{"rendered":"Knekkis Original Blue Multi 4-pack"},"content":{"rendered":"","protected":false},"excerpt":{"rendered":"<p>Superfina och trendiga KKNEKKI \u00e4r den tillsynes enkla h\u00e5rsnodden som blivit en trend i sociala medier och har miljontals visningar p\u00e5 TikTok. K\u00f6p originalet h\u00e4r! Skonsam mot h\u00e5ret och g\u00e5r \u00e4ven att anv\u00e4nda som armband. 4pack med fina rosa nyanser. <\/p>","protected":false},"featured_media":548215,"comment_status":"open","ping_status":"closed","template":"","meta":{"_acf_changed":false},"product_brand":[],"product_cat":[1133,1238,1240,1203],"product_tag":[],"class_list":{"0":"post-548214","1":"product","2":"type-product","3":"status-publish","4":"has-post-thumbnail","6":"product_cat-accessoarer","7":"product_cat-knekkis","8":"product_cat-rea-30","9":"product_cat-rea","11":"first","12":"instock","13":"sale","14":"taxable","15":"shipping-taxable","16":"purchasable","17":"product-type-simple"},"acf":[],"gallery_images":[548216],"_links":{"self":[{"href":"https:\/\/loveforever.se\/en\/wp-json\/wp\/v2\/product\/548214","targetHints":{"allow":["GET"]}}],"collection":[{"href":"https:\/\/loveforever.se\/en\/wp-json\/wp\/v2\/product"}],"about":[{"href":"https:\/\/loveforever.se\/en\/wp-json\/wp\/v2\/types\/product"}],"replies":[{"embeddable":true,"href":"https:\/\/loveforever.se\/en\/wp-json\/wp\/v2\/comments?post=548214"}],"wp:featuredmedia":[{"embeddable":true,"href":"https:\/\/loveforever.se\/en\/wp-json\/wp\/v2\/media\/548215"}],"wp:attachment":[{"href":"https:\/\/loveforever.se\/en\/wp-json\/wp\/v2\/media?parent=548214"}],"wp:term":[{"taxonomy":"product_brand","embeddable":true,"href":"https:\/\/loveforever.se\/en\/wp-json\/wp\/v2\/product_brand?post=548214"},{"taxonomy":"product_cat","embeddable":true,"href":"https:\/\/loveforever.se\/en\/wp-json\/wp\/v2\/product_cat?post=548214"},{"taxonomy":"product_tag","embeddable":true,"href":"https:\/\/loveforever.se\/en\/wp-json\/wp\/v2\/product_tag?post=548214"}],"curies":[{"name":"wp","href":"https:\/\/api.w.org\/{rel}","templated":true}]}}