{"id":548235,"date":"2024-10-16T11:53:17","date_gmt":"2024-10-16T09:53:17","guid":{"rendered":"https:\/\/loveforever.se\/?post_type=product&#038;p=548235"},"modified":"2026-04-11T07:31:14","modified_gmt":"2026-04-11T05:31:14","slug":"knekkis-original-light-denim-multi-4-pack","status":"publish","type":"product","link":"https:\/\/loveforever.se\/en\/produkt\/knekkis-original-light-denim-multi-4-pack\/","title":{"rendered":"Knekkis Original Light Denim Multi 4-pack"},"content":{"rendered":"","protected":false},"excerpt":{"rendered":"<p>Superfina och trendiga KKNEKKI \u00e4r den tillsynes enkla h\u00e5rsnodden som blivit en trend i sociala medier och har miljontals visningar p\u00e5 TikTok. K\u00f6p originalet h\u00e4r! Skonsam mot h\u00e5ret och g\u00e5r \u00e4ven att anv\u00e4nda som armband. 4pack med fina ljus jeansaktiga nyanser. <\/p>","protected":false},"featured_media":548231,"comment_status":"open","ping_status":"closed","template":"","meta":{"_acf_changed":false},"product_brand":[],"product_cat":[1133,1238,1240,1203],"product_tag":[],"class_list":{"0":"post-548235","1":"product","2":"type-product","3":"status-publish","4":"has-post-thumbnail","6":"product_cat-accessoarer","7":"product_cat-knekkis","8":"product_cat-rea-30","9":"product_cat-rea","11":"first","12":"instock","13":"sale","14":"taxable","15":"shipping-taxable","16":"purchasable","17":"product-type-simple"},"acf":[],"gallery_images":[548232],"_links":{"self":[{"href":"https:\/\/loveforever.se\/en\/wp-json\/wp\/v2\/product\/548235","targetHints":{"allow":["GET"]}}],"collection":[{"href":"https:\/\/loveforever.se\/en\/wp-json\/wp\/v2\/product"}],"about":[{"href":"https:\/\/loveforever.se\/en\/wp-json\/wp\/v2\/types\/product"}],"replies":[{"embeddable":true,"href":"https:\/\/loveforever.se\/en\/wp-json\/wp\/v2\/comments?post=548235"}],"wp:featuredmedia":[{"embeddable":true,"href":"https:\/\/loveforever.se\/en\/wp-json\/wp\/v2\/media\/548231"}],"wp:attachment":[{"href":"https:\/\/loveforever.se\/en\/wp-json\/wp\/v2\/media?parent=548235"}],"wp:term":[{"taxonomy":"product_brand","embeddable":true,"href":"https:\/\/loveforever.se\/en\/wp-json\/wp\/v2\/product_brand?post=548235"},{"taxonomy":"product_cat","embeddable":true,"href":"https:\/\/loveforever.se\/en\/wp-json\/wp\/v2\/product_cat?post=548235"},{"taxonomy":"product_tag","embeddable":true,"href":"https:\/\/loveforever.se\/en\/wp-json\/wp\/v2\/product_tag?post=548235"}],"curies":[{"name":"wp","href":"https:\/\/api.w.org\/{rel}","templated":true}]}}