{"id":548885,"date":"2024-10-25T16:18:43","date_gmt":"2024-10-25T14:18:43","guid":{"rendered":"https:\/\/loveforever.se\/?post_type=product&#038;p=548885"},"modified":"2026-05-01T22:50:49","modified_gmt":"2026-05-01T20:50:49","slug":"knekkis-original-violet-2-pack","status":"publish","type":"product","link":"https:\/\/loveforever.se\/en\/produkt\/knekkis-original-violet-2-pack\/","title":{"rendered":"Knekkis Original Violet 2-pack"},"content":{"rendered":"","protected":false},"excerpt":{"rendered":"<p>Uppt\u00e4ck den trendiga KKNEKKI h\u00e5rsnodden \u2013 Skonsam och stilren!<\/p>\n<p>KKNEKKI \u00e4r den enkla men stiliga h\u00e5rsnodden som blivit en sensation p\u00e5 sociala medier, med miljontals visningar p\u00e5 TikTok. Nu kan du k\u00f6pa originalet h\u00e4r! Den skonsamma h\u00e5rsnodden \u00e4r perfekt f\u00f6r att h\u00e5lla ditt h\u00e5r p\u00e5 plats utan att orsaka skador, och g\u00e5r \u00e4ven att anv\u00e4nda som ett snyggt armband n\u00e4r du inte har den i h\u00e5ret. Best\u00e4ll v\u00e5rt 2-pack med en fin lila nyans och addera en trendig detalj till din vardag!<\/p>\n<p>F\u00f6rdelar:<\/p>\n<p>Skonsam mot h\u00e5ret \u2013 inget mer slitage!<br \/>\nTrendig och m\u00e5ngsidig \u2013 kan \u00e4ven b\u00e4ras som ett armband.<br \/>\nPerfekt 2-pack med fin lila nyans.<\/p>","protected":false},"featured_media":548881,"comment_status":"open","ping_status":"closed","template":"","meta":{"_acf_changed":false},"product_brand":[],"product_cat":[1133,1238,1240,1203],"product_tag":[],"class_list":{"0":"post-548885","1":"product","2":"type-product","3":"status-publish","4":"has-post-thumbnail","6":"product_cat-accessoarer","7":"product_cat-knekkis","8":"product_cat-rea-30","9":"product_cat-rea","11":"first","12":"instock","13":"sale","14":"taxable","15":"shipping-taxable","16":"purchasable","17":"product-type-simple"},"acf":[],"gallery_images":[],"_links":{"self":[{"href":"https:\/\/loveforever.se\/en\/wp-json\/wp\/v2\/product\/548885","targetHints":{"allow":["GET"]}}],"collection":[{"href":"https:\/\/loveforever.se\/en\/wp-json\/wp\/v2\/product"}],"about":[{"href":"https:\/\/loveforever.se\/en\/wp-json\/wp\/v2\/types\/product"}],"replies":[{"embeddable":true,"href":"https:\/\/loveforever.se\/en\/wp-json\/wp\/v2\/comments?post=548885"}],"wp:featuredmedia":[{"embeddable":true,"href":"https:\/\/loveforever.se\/en\/wp-json\/wp\/v2\/media\/548881"}],"wp:attachment":[{"href":"https:\/\/loveforever.se\/en\/wp-json\/wp\/v2\/media?parent=548885"}],"wp:term":[{"taxonomy":"product_brand","embeddable":true,"href":"https:\/\/loveforever.se\/en\/wp-json\/wp\/v2\/product_brand?post=548885"},{"taxonomy":"product_cat","embeddable":true,"href":"https:\/\/loveforever.se\/en\/wp-json\/wp\/v2\/product_cat?post=548885"},{"taxonomy":"product_tag","embeddable":true,"href":"https:\/\/loveforever.se\/en\/wp-json\/wp\/v2\/product_tag?post=548885"}],"curies":[{"name":"wp","href":"https:\/\/api.w.org\/{rel}","templated":true}]}}