{"id":549809,"date":"2024-11-15T12:52:00","date_gmt":"2024-11-15T11:52:00","guid":{"rendered":"https:\/\/loveforever.se\/?post_type=product&#038;p=549809"},"modified":"2025-12-15T21:51:35","modified_gmt":"2025-12-15T20:51:35","slug":"sofia-hatt-svart","status":"publish","type":"product","link":"https:\/\/loveforever.se\/en\/produkt\/sofia-hatt-svart\/","title":{"rendered":"Sofia Hatt Svart"},"content":{"rendered":"","protected":false},"excerpt":{"rendered":"<p>Elegant Hatt i 100% Ull \u2013 Made in Italy <\/p>\n<p>Unna dig en lyxig och tidl\u00f6s look med denna superfina hatt i 100% ull. Tillverkad med h\u00f6gsta kvalitet och made in Italy, \u00e4r den b\u00e5de varm och stilren \u2013 en perfekt accessoar f\u00f6r h\u00f6st och vinter. <\/p>\n<p>Oavsett om du vill ge din outfit det d\u00e4r lilla extra eller h\u00e5lla dig varm p\u00e5 kalla dagar, kommer denna hatt att bli din nya favorit. Den italienska hantverkstraditionen lyser igenom i varje detalj, och den passar perfekt till b\u00e5de vardags och fest.<\/p>\n<p>En klassisk, elegant hatt som lyfter varje look \u2013 med kvalitet du kan k\u00e4nna. <\/p>","protected":false},"featured_media":565464,"comment_status":"open","ping_status":"closed","template":"","meta":{"_acf_changed":false},"product_brand":[],"product_cat":[1133,1134,1241,1203],"product_tag":[],"class_list":{"0":"post-549809","1":"product","2":"type-product","3":"status-publish","4":"has-post-thumbnail","6":"product_cat-accessoarer","7":"product_cat-mossor-hattar","8":"product_cat-rea-50","9":"product_cat-rea","11":"first","12":"instock","13":"sale","14":"taxable","15":"shipping-taxable","16":"purchasable","17":"product-type-variable"},"acf":[],"gallery_images":[565466,565465,565467,565468],"_links":{"self":[{"href":"https:\/\/loveforever.se\/en\/wp-json\/wp\/v2\/product\/549809","targetHints":{"allow":["GET"]}}],"collection":[{"href":"https:\/\/loveforever.se\/en\/wp-json\/wp\/v2\/product"}],"about":[{"href":"https:\/\/loveforever.se\/en\/wp-json\/wp\/v2\/types\/product"}],"replies":[{"embeddable":true,"href":"https:\/\/loveforever.se\/en\/wp-json\/wp\/v2\/comments?post=549809"}],"wp:featuredmedia":[{"embeddable":true,"href":"https:\/\/loveforever.se\/en\/wp-json\/wp\/v2\/media\/565464"}],"wp:attachment":[{"href":"https:\/\/loveforever.se\/en\/wp-json\/wp\/v2\/media?parent=549809"}],"wp:term":[{"taxonomy":"product_brand","embeddable":true,"href":"https:\/\/loveforever.se\/en\/wp-json\/wp\/v2\/product_brand?post=549809"},{"taxonomy":"product_cat","embeddable":true,"href":"https:\/\/loveforever.se\/en\/wp-json\/wp\/v2\/product_cat?post=549809"},{"taxonomy":"product_tag","embeddable":true,"href":"https:\/\/loveforever.se\/en\/wp-json\/wp\/v2\/product_tag?post=549809"}],"curies":[{"name":"wp","href":"https:\/\/api.w.org\/{rel}","templated":true}]}}