{"id":551116,"date":"2024-12-19T09:53:05","date_gmt":"2024-12-19T08:53:05","guid":{"rendered":"https:\/\/loveforever.se\/?post_type=product&#038;p=551116"},"modified":"2026-04-13T11:02:23","modified_gmt":"2026-04-13T09:02:23","slug":"big-pearl-necklace","status":"publish","type":"product","link":"https:\/\/loveforever.se\/en\/produkt\/big-pearl-necklace\/","title":{"rendered":"Big Pearl Necklace"},"content":{"rendered":"","protected":false},"excerpt":{"rendered":"<p>Supertrendigt halsband med stora p\u00e4rlor \u2013 det perfekta smycket f\u00f6r att ge din outfit det lilla extra! Med sin justerbara l\u00e4ngd baktill och l\u00e4tta vikt p\u00e5 endast 100 gram \u00e4r det b\u00e5de bekv\u00e4mt och m\u00e5ngsidigt. P\u00e4rlorna \u00e4r 25mm i diameter.<\/p>\n<p>B\u00e4r det f\u00f6r att f\u00f6rh\u00f6ja din look, oavsett om du \u00e4r kl\u00e4dd f\u00f6r en glamour\u00f6s fest eller kombinerar det med jeans och t-shirt f\u00f6r en stilfull vardagslook. De stora p\u00e4rlorna ger en modern och sofistikerad k\u00e4nsla som aldrig g\u00e5r ur mode.<\/p>","protected":false},"featured_media":552880,"comment_status":"open","ping_status":"closed","template":"","meta":{"_acf_changed":false},"product_brand":[],"product_cat":[1133,1136,1203],"product_tag":[],"class_list":{"0":"post-551116","1":"product","2":"type-product","3":"status-publish","4":"has-post-thumbnail","6":"product_cat-accessoarer","7":"product_cat-smycken","8":"product_cat-rea","10":"first","11":"instock","12":"sale","13":"taxable","14":"shipping-taxable","15":"purchasable","16":"product-type-simple"},"acf":[],"gallery_images":[551115,552879],"_links":{"self":[{"href":"https:\/\/loveforever.se\/en\/wp-json\/wp\/v2\/product\/551116","targetHints":{"allow":["GET"]}}],"collection":[{"href":"https:\/\/loveforever.se\/en\/wp-json\/wp\/v2\/product"}],"about":[{"href":"https:\/\/loveforever.se\/en\/wp-json\/wp\/v2\/types\/product"}],"replies":[{"embeddable":true,"href":"https:\/\/loveforever.se\/en\/wp-json\/wp\/v2\/comments?post=551116"}],"wp:featuredmedia":[{"embeddable":true,"href":"https:\/\/loveforever.se\/en\/wp-json\/wp\/v2\/media\/552880"}],"wp:attachment":[{"href":"https:\/\/loveforever.se\/en\/wp-json\/wp\/v2\/media?parent=551116"}],"wp:term":[{"taxonomy":"product_brand","embeddable":true,"href":"https:\/\/loveforever.se\/en\/wp-json\/wp\/v2\/product_brand?post=551116"},{"taxonomy":"product_cat","embeddable":true,"href":"https:\/\/loveforever.se\/en\/wp-json\/wp\/v2\/product_cat?post=551116"},{"taxonomy":"product_tag","embeddable":true,"href":"https:\/\/loveforever.se\/en\/wp-json\/wp\/v2\/product_tag?post=551116"}],"curies":[{"name":"wp","href":"https:\/\/api.w.org\/{rel}","templated":true}]}}