{"id":551608,"date":"2025-01-07T09:35:58","date_gmt":"2025-01-07T08:35:58","guid":{"rendered":"https:\/\/loveforever.se\/?post_type=product&#038;p=551608"},"modified":"2026-02-20T15:47:56","modified_gmt":"2026-02-20T14:47:56","slug":"zoe-klanning-svart","status":"publish","type":"product","link":"https:\/\/loveforever.se\/en\/produkt\/zoe-klanning-svart\/","title":{"rendered":"Zoe Dress Black with Off-the-shoulder and Slit"},"content":{"rendered":"","protected":false},"excerpt":{"rendered":"<p>Denna fantastiska kl\u00e4nning i mjukt, stickat material \u00e4r b\u00e5de elegant och bekv\u00e4m. Med en cool off-shoulder design p\u00e5 ena sidan och en slits vid benet p\u00e5 motsvarande sida, skapar den en modern och sj\u00e4lvs\u00e4ker look. Den figursmickrande passformen med en markerad midja framh\u00e4ver den feminina silhuetten p\u00e5 ett perfekt s\u00e4tt. Kl\u00e4nningen \u00e4r m\u00e5ngsidig och passar lika bra till jobbet, en shoppingrunda med v\u00e4nner eller en festlig kv\u00e4ll. B\u00e4r den med boots f\u00f6r en avslappnad look, eller v\u00e4lj h\u00f6gklackade sandaler, ballerinas eller sneakers f\u00f6r olika tillf\u00e4llen. En sann allrounder i garderoben!<\/p>","protected":false},"featured_media":551585,"comment_status":"open","ping_status":"closed","template":"","meta":{"_acf_changed":false},"product_brand":[],"product_cat":[1151,1138,1247,1154,1243,1203],"product_tag":[],"class_list":{"0":"post-551608","1":"product","2":"type-product","3":"status-publish","4":"has-post-thumbnail","6":"product_cat-klanningar-dam","7":"product_cat-klanningar-tunikor","8":"product_cat-klanningar-rea","9":"product_cat-langa","10":"product_cat-rea-70","11":"product_cat-rea","13":"first","14":"instock","15":"sale","16":"taxable","17":"shipping-taxable","18":"purchasable","19":"product-type-variable"},"acf":[],"gallery_images":[551584,551586,551587,551588],"_links":{"self":[{"href":"https:\/\/loveforever.se\/en\/wp-json\/wp\/v2\/product\/551608","targetHints":{"allow":["GET"]}}],"collection":[{"href":"https:\/\/loveforever.se\/en\/wp-json\/wp\/v2\/product"}],"about":[{"href":"https:\/\/loveforever.se\/en\/wp-json\/wp\/v2\/types\/product"}],"replies":[{"embeddable":true,"href":"https:\/\/loveforever.se\/en\/wp-json\/wp\/v2\/comments?post=551608"}],"wp:featuredmedia":[{"embeddable":true,"href":"https:\/\/loveforever.se\/en\/wp-json\/wp\/v2\/media\/551585"}],"wp:attachment":[{"href":"https:\/\/loveforever.se\/en\/wp-json\/wp\/v2\/media?parent=551608"}],"wp:term":[{"taxonomy":"product_brand","embeddable":true,"href":"https:\/\/loveforever.se\/en\/wp-json\/wp\/v2\/product_brand?post=551608"},{"taxonomy":"product_cat","embeddable":true,"href":"https:\/\/loveforever.se\/en\/wp-json\/wp\/v2\/product_cat?post=551608"},{"taxonomy":"product_tag","embeddable":true,"href":"https:\/\/loveforever.se\/en\/wp-json\/wp\/v2\/product_tag?post=551608"}],"curies":[{"name":"wp","href":"https:\/\/api.w.org\/{rel}","templated":true}]}}