{"id":552752,"date":"2025-02-03T22:38:05","date_gmt":"2025-02-03T21:38:05","guid":{"rendered":"https:\/\/loveforever.se\/?post_type=product&#038;p=552752"},"modified":"2026-05-05T09:05:45","modified_gmt":"2026-05-05T07:05:45","slug":"michele-stretchig-klanning-taupe-miss-tess","status":"publish","type":"product","link":"https:\/\/loveforever.se\/en\/produkt\/michele-stretchig-klanning-taupe-miss-tess\/","title":{"rendered":"Michele Stretchig Kl\u00e4nning Taupe &#8211; Miss Tess"},"content":{"rendered":"","protected":false},"excerpt":{"rendered":"<p>Denna supersnygga, kroppsn\u00e4ra kl\u00e4nning fr\u00e5n Miss Tess \u00e4r en riktig showstopper! Med stretchig passform och scrunch framtill f\u00e5r du en feminint slank silhuett som framh\u00e4ver din figur p\u00e5 b\u00e4sta s\u00e4tt. Kl\u00e4nningens design \u00e4r kortare fram \u00e4n bak, vilket ger en cool look och g\u00f6r att du kan visa ben och skor. Perfekt f\u00f6r b\u00e5de fest och vardag, du kommer definitivt att f\u00e5 alla blickar p\u00e5 dig n\u00e4r du b\u00e4r denna.<\/p>\n<p>Styla kl\u00e4nningen p\u00e5 olika s\u00e4tt beroende p\u00e5 tillf\u00e4lle \u2013 b\u00e4r den med boots f\u00f6r en tuff och trendig look som modellen, s\u00e4tt p\u00e5 klackar f\u00f6r en festlig kv\u00e4ll, eller v\u00e4lj sneakers f\u00f6r en avslappnad shoppingrunda p\u00e5 stan. Kl\u00e4nningen \u00e4r lika m\u00e5ngsidig som den \u00e4r stilren och kommer vara en sj\u00e4lvklar favorit i garderoben.<\/p>\n<p>Ellie har ett bystm\u00e5tt p\u00e5 100 cm, \u00e4r 174cm l\u00e5ng och b\u00e4r storlek S.<\/p>","protected":false},"featured_media":552766,"comment_status":"open","ping_status":"closed","template":"","meta":{"_acf_changed":false},"product_brand":[],"product_cat":[1181],"product_tag":[],"class_list":{"0":"post-552752","1":"product","2":"type-product","3":"status-publish","4":"has-post-thumbnail","6":"product_cat-fynda","8":"first","9":"instock","10":"sale","11":"taxable","12":"shipping-taxable","13":"purchasable","14":"product-type-variable"},"acf":[],"gallery_images":[552764,552763,552760,552758,552765],"_links":{"self":[{"href":"https:\/\/loveforever.se\/en\/wp-json\/wp\/v2\/product\/552752","targetHints":{"allow":["GET"]}}],"collection":[{"href":"https:\/\/loveforever.se\/en\/wp-json\/wp\/v2\/product"}],"about":[{"href":"https:\/\/loveforever.se\/en\/wp-json\/wp\/v2\/types\/product"}],"replies":[{"embeddable":true,"href":"https:\/\/loveforever.se\/en\/wp-json\/wp\/v2\/comments?post=552752"}],"wp:featuredmedia":[{"embeddable":true,"href":"https:\/\/loveforever.se\/en\/wp-json\/wp\/v2\/media\/552766"}],"wp:attachment":[{"href":"https:\/\/loveforever.se\/en\/wp-json\/wp\/v2\/media?parent=552752"}],"wp:term":[{"taxonomy":"product_brand","embeddable":true,"href":"https:\/\/loveforever.se\/en\/wp-json\/wp\/v2\/product_brand?post=552752"},{"taxonomy":"product_cat","embeddable":true,"href":"https:\/\/loveforever.se\/en\/wp-json\/wp\/v2\/product_cat?post=552752"},{"taxonomy":"product_tag","embeddable":true,"href":"https:\/\/loveforever.se\/en\/wp-json\/wp\/v2\/product_tag?post=552752"}],"curies":[{"name":"wp","href":"https:\/\/api.w.org\/{rel}","templated":true}]}}