{"id":553543,"date":"2025-02-19T09:27:07","date_gmt":"2025-02-19T08:27:07","guid":{"rendered":"https:\/\/loveforever.se\/?post_type=product&#038;p=553543"},"modified":"2026-03-27T12:01:26","modified_gmt":"2026-03-27T11:01:26","slug":"nikki-solglasogon-svarta-bruna","status":"publish","type":"product","link":"https:\/\/loveforever.se\/en\/produkt\/nikki-solglasogon-svarta-bruna\/","title":{"rendered":"Nikki Solglas\u00f6gon, svarta\/bruna"},"content":{"rendered":"","protected":false},"excerpt":{"rendered":"<p>Supercoola och trendiga solglas\u00f6gon i brunt eller svart. Sk\u00f6na att b\u00e4ra och l\u00e4tta. <\/p>","protected":false},"featured_media":553580,"comment_status":"open","ping_status":"closed","template":"","meta":{"_acf_changed":false},"product_brand":[],"product_cat":[1133,1240,1260,1203],"product_tag":[],"class_list":{"0":"post-553543","1":"product","2":"type-product","3":"status-publish","4":"has-post-thumbnail","6":"product_cat-accessoarer","7":"product_cat-rea-30","8":"product_cat-solglasogon","9":"product_cat-rea","11":"first","12":"instock","13":"sale","14":"taxable","15":"shipping-taxable","16":"purchasable","17":"product-type-variable"},"acf":[],"gallery_images":[553552,553550,553553,553554],"_links":{"self":[{"href":"https:\/\/loveforever.se\/en\/wp-json\/wp\/v2\/product\/553543","targetHints":{"allow":["GET"]}}],"collection":[{"href":"https:\/\/loveforever.se\/en\/wp-json\/wp\/v2\/product"}],"about":[{"href":"https:\/\/loveforever.se\/en\/wp-json\/wp\/v2\/types\/product"}],"replies":[{"embeddable":true,"href":"https:\/\/loveforever.se\/en\/wp-json\/wp\/v2\/comments?post=553543"}],"wp:featuredmedia":[{"embeddable":true,"href":"https:\/\/loveforever.se\/en\/wp-json\/wp\/v2\/media\/553580"}],"wp:attachment":[{"href":"https:\/\/loveforever.se\/en\/wp-json\/wp\/v2\/media?parent=553543"}],"wp:term":[{"taxonomy":"product_brand","embeddable":true,"href":"https:\/\/loveforever.se\/en\/wp-json\/wp\/v2\/product_brand?post=553543"},{"taxonomy":"product_cat","embeddable":true,"href":"https:\/\/loveforever.se\/en\/wp-json\/wp\/v2\/product_cat?post=553543"},{"taxonomy":"product_tag","embeddable":true,"href":"https:\/\/loveforever.se\/en\/wp-json\/wp\/v2\/product_tag?post=553543"}],"curies":[{"name":"wp","href":"https:\/\/api.w.org\/{rel}","templated":true}]}}