{"id":554268,"date":"2025-02-28T18:02:46","date_gmt":"2025-02-28T17:02:46","guid":{"rendered":"https:\/\/loveforever.se\/?post_type=product&#038;p=554268"},"modified":"2026-05-07T06:36:47","modified_gmt":"2026-05-07T04:36:47","slug":"sara-spetstopp-vit","status":"publish","type":"product","link":"https:\/\/loveforever.se\/en\/produkt\/sara-spetstopp-vit\/","title":{"rendered":"Sara Spetstopp White"},"content":{"rendered":"","protected":false},"excerpt":{"rendered":"<p>Det h\u00e4r helt magiska linnet i spets \u00e4r en riktig garderobshit! Med sin virkat-liknande design och den mjuka, sk\u00f6na bomullen, f\u00e5r du b\u00e5de komfort och stil i ett. Det \u00e4r s\u00e5 m\u00e5ngsidigt och kan b\u00e4ras under koftor, jackor, blusar eller kavajer f\u00f6r en snygg och bohemisk look \u2013 eller varf\u00f6r inte b\u00e4ra det som det \u00e4r f\u00f6r en l\u00e4tt och luftig stil under varmare dagar?<\/p>\n<p>Linnet passar perfekt f\u00f6r att skapa en avslappnad men \u00e4nd\u00e5 stilren outfit. Det \u00e4r en One Size-modell som passar XS och upp till ett eget bystm\u00e5tt p\u00e5 99 cm, vilket g\u00f6r det till en flexibel och bekv\u00e4m passform f\u00f6r m\u00e5nga kroppstyper. Modellen \u00e4r 174 cm l\u00e5ng och har ett eget bystm\u00e5tt p\u00e5 94 cm, och hon b\u00e4r linnet i One Size.<\/p>\n<p>Leverans sker slutet mars- b\u00f6rjan av april &#8211; s\u00e5 l\u00e4gg din order och v\u00e4lj Klarna s\u00e5 faktureras den inte f\u00f6rr\u00e4n vi skickar din order. <\/p>\n<p>B\u00e4r detta bohemiska linne f\u00f6r att ge din outfit en elegant och trendig touch \u2013 en perfekt bas f\u00f6r b\u00e5de vardag och fest!<\/p>","protected":false},"featured_media":554275,"comment_status":"open","ping_status":"closed","template":"","meta":{"_acf_changed":false},"product_brand":[],"product_cat":[1147],"product_tag":[],"class_list":{"0":"post-554268","1":"product","2":"type-product","3":"status-publish","4":"has-post-thumbnail","6":"product_cat-toppar-blusar","8":"first","9":"instock","10":"taxable","11":"shipping-taxable","12":"purchasable","13":"product-type-simple"},"acf":[],"gallery_images":[554274,554271],"_links":{"self":[{"href":"https:\/\/loveforever.se\/en\/wp-json\/wp\/v2\/product\/554268","targetHints":{"allow":["GET"]}}],"collection":[{"href":"https:\/\/loveforever.se\/en\/wp-json\/wp\/v2\/product"}],"about":[{"href":"https:\/\/loveforever.se\/en\/wp-json\/wp\/v2\/types\/product"}],"replies":[{"embeddable":true,"href":"https:\/\/loveforever.se\/en\/wp-json\/wp\/v2\/comments?post=554268"}],"wp:featuredmedia":[{"embeddable":true,"href":"https:\/\/loveforever.se\/en\/wp-json\/wp\/v2\/media\/554275"}],"wp:attachment":[{"href":"https:\/\/loveforever.se\/en\/wp-json\/wp\/v2\/media?parent=554268"}],"wp:term":[{"taxonomy":"product_brand","embeddable":true,"href":"https:\/\/loveforever.se\/en\/wp-json\/wp\/v2\/product_brand?post=554268"},{"taxonomy":"product_cat","embeddable":true,"href":"https:\/\/loveforever.se\/en\/wp-json\/wp\/v2\/product_cat?post=554268"},{"taxonomy":"product_tag","embeddable":true,"href":"https:\/\/loveforever.se\/en\/wp-json\/wp\/v2\/product_tag?post=554268"}],"curies":[{"name":"wp","href":"https:\/\/api.w.org\/{rel}","templated":true}]}}