{"id":556955,"date":"2025-04-11T14:42:31","date_gmt":"2025-04-11T12:42:31","guid":{"rendered":"https:\/\/loveforever.se\/?post_type=product&#038;p=556955"},"modified":"2025-11-30T00:34:47","modified_gmt":"2025-11-29T23:34:47","slug":"darcy-boots-akta-mocka","status":"publish","type":"product","link":"https:\/\/loveforever.se\/en\/produkt\/darcy-boots-akta-mocka\/","title":{"rendered":"Darcy Boots -\u00e4kta mocka!"},"content":{"rendered":"","protected":false},"excerpt":{"rendered":"<p>Uppt\u00e4ck v\u00e5ra fantastiska boots i mjuk mocka \u2013 en riktig trendfavorit 2025! Handgjorda i Italien.  Den h\u00e4r modellen kombinerar stil med komfort: tillverkad i \u00e4kta, andningsbar mocka som \u00e4r sn\u00e4llare mot dina f\u00f6tter \u00e4n syntetmaterial och g\u00f6r att du slipper den inst\u00e4ngda k\u00e4nslan du ofta f\u00e5r i veganskt skinn.<\/p>\n<p>Bootsen \u00e4r perfekta att b\u00e4ra till jeans, korta kl\u00e4nningar, kjolar eller shorts \u2013 ett m\u00e5ste i v\u00e5rgarderoben! Normala i storlek.<\/p>\n<p>Matcha dem med en bohochic stil f\u00f6r en look som funkar lika bra till vardag som till fest.<\/p>","protected":false},"featured_media":556951,"comment_status":"open","ping_status":"closed","template":"","meta":{"_acf_changed":false},"product_brand":[],"product_cat":[1148,1241,1139,1203],"product_tag":[],"class_list":{"0":"post-556955","1":"product","2":"type-product","3":"status-publish","4":"has-post-thumbnail","6":"product_cat-boots","7":"product_cat-rea-50","8":"product_cat-skor","9":"product_cat-rea","11":"first","12":"instock","13":"sale","14":"taxable","15":"shipping-taxable","16":"purchasable","17":"product-type-variable"},"acf":[],"gallery_images":[556953,556950,556954],"_links":{"self":[{"href":"https:\/\/loveforever.se\/en\/wp-json\/wp\/v2\/product\/556955","targetHints":{"allow":["GET"]}}],"collection":[{"href":"https:\/\/loveforever.se\/en\/wp-json\/wp\/v2\/product"}],"about":[{"href":"https:\/\/loveforever.se\/en\/wp-json\/wp\/v2\/types\/product"}],"replies":[{"embeddable":true,"href":"https:\/\/loveforever.se\/en\/wp-json\/wp\/v2\/comments?post=556955"}],"wp:featuredmedia":[{"embeddable":true,"href":"https:\/\/loveforever.se\/en\/wp-json\/wp\/v2\/media\/556951"}],"wp:attachment":[{"href":"https:\/\/loveforever.se\/en\/wp-json\/wp\/v2\/media?parent=556955"}],"wp:term":[{"taxonomy":"product_brand","embeddable":true,"href":"https:\/\/loveforever.se\/en\/wp-json\/wp\/v2\/product_brand?post=556955"},{"taxonomy":"product_cat","embeddable":true,"href":"https:\/\/loveforever.se\/en\/wp-json\/wp\/v2\/product_cat?post=556955"},{"taxonomy":"product_tag","embeddable":true,"href":"https:\/\/loveforever.se\/en\/wp-json\/wp\/v2\/product_tag?post=556955"}],"curies":[{"name":"wp","href":"https:\/\/api.w.org\/{rel}","templated":true}]}}