{"id":557306,"date":"2025-04-17T14:10:07","date_gmt":"2025-04-17T12:10:07","guid":{"rendered":"https:\/\/loveforever.se\/?post_type=product&#038;p=557306"},"modified":"2026-05-06T03:13:03","modified_gmt":"2026-05-06T01:13:03","slug":"leo-jadore-bomullstshirt","status":"publish","type":"product","link":"https:\/\/loveforever.se\/en\/produkt\/leo-jadore-bomullstshirt\/","title":{"rendered":"Leo Jadore Cotton T-shirt"},"content":{"rendered":"","protected":false},"excerpt":{"rendered":"<p>Snygg och tuff tshirt i 100% bomull med stretch. Uppvikta \u00e4rmar som snygg detalj. Snygg tv\u00e4ttad m\u00f6rkgr\u00e5 f\u00e4rg och leotryck med text &#8220;J&#8217;adore&#8221; p\u00e5 framsidan. One size, passar fr\u00e5n XS till eget bystm\u00e5tt p\u00e5 max 112cm. Styla med jeans, kjol eller shorts. <\/p>","protected":false},"featured_media":557299,"comment_status":"open","ping_status":"closed","template":"","meta":{"_acf_changed":false},"product_brand":[],"product_cat":[1147],"product_tag":[],"class_list":{"0":"post-557306","1":"product","2":"type-product","3":"status-publish","4":"has-post-thumbnail","6":"product_cat-toppar-blusar","8":"first","9":"instock","10":"taxable","11":"shipping-taxable","12":"purchasable","13":"product-type-simple"},"acf":[],"gallery_images":[],"_links":{"self":[{"href":"https:\/\/loveforever.se\/en\/wp-json\/wp\/v2\/product\/557306","targetHints":{"allow":["GET"]}}],"collection":[{"href":"https:\/\/loveforever.se\/en\/wp-json\/wp\/v2\/product"}],"about":[{"href":"https:\/\/loveforever.se\/en\/wp-json\/wp\/v2\/types\/product"}],"replies":[{"embeddable":true,"href":"https:\/\/loveforever.se\/en\/wp-json\/wp\/v2\/comments?post=557306"}],"wp:featuredmedia":[{"embeddable":true,"href":"https:\/\/loveforever.se\/en\/wp-json\/wp\/v2\/media\/557299"}],"wp:attachment":[{"href":"https:\/\/loveforever.se\/en\/wp-json\/wp\/v2\/media?parent=557306"}],"wp:term":[{"taxonomy":"product_brand","embeddable":true,"href":"https:\/\/loveforever.se\/en\/wp-json\/wp\/v2\/product_brand?post=557306"},{"taxonomy":"product_cat","embeddable":true,"href":"https:\/\/loveforever.se\/en\/wp-json\/wp\/v2\/product_cat?post=557306"},{"taxonomy":"product_tag","embeddable":true,"href":"https:\/\/loveforever.se\/en\/wp-json\/wp\/v2\/product_tag?post=557306"}],"curies":[{"name":"wp","href":"https:\/\/api.w.org\/{rel}","templated":true}]}}