{"id":557384,"date":"2025-04-19T15:09:28","date_gmt":"2025-04-19T13:09:28","guid":{"rendered":"https:\/\/loveforever.se\/?post_type=product&#038;p=557384"},"modified":"2026-04-09T14:47:07","modified_gmt":"2026-04-09T12:47:07","slug":"tilde-raka-stretchjeans","status":"publish","type":"product","link":"https:\/\/loveforever.se\/en\/produkt\/tilde-raka-stretchjeans\/","title":{"rendered":"Tilde Raka Stretchjeans &#8211; FYNDA"},"content":{"rendered":"","protected":false},"excerpt":{"rendered":"<p>De perfekta stretchjeansen f\u00f6r din vardag \u2013 och dina curves.<br \/>\nV\u00e5ra nya jeans med superstretch sitter som en dr\u00f6m!<br \/>\nMed en h\u00f6g, bekv\u00e4m midja och raka ben i croppad l\u00e4ngd framh\u00e4ver de din feminina form utan att kompromissa med komforten.<\/p>\n<p>\u2728 Den ljusa tv\u00e4tten ger en fr\u00e4sch, avslappnad look som passar lika bra till sneakers som till klackar.<br \/>\n\u2728 Styla med en mohairv\u00e4st, enkel t-shirt eller kavaj \u2013 f\u00f6r b\u00e5de fest och vardag.<\/p>\n<p>\u2705 Massor av stretch<br \/>\n\u2705 Snygg ljus tv\u00e4tt<br \/>\n\u2705 Croppade ben \u2013 trendigt &#038; smickrande<br \/>\n\u2705 Normal i storlek<br \/>\n\u2705 Passar alla kroppstyper som gillar form och frihet<\/p>","protected":false},"featured_media":557385,"comment_status":"open","ping_status":"closed","template":"","meta":{"_acf_changed":false},"product_brand":[],"product_cat":[1181],"product_tag":[],"class_list":{"0":"post-557384","1":"product","2":"type-product","3":"status-publish","4":"has-post-thumbnail","6":"product_cat-fynda","8":"first","9":"instock","10":"sale","11":"taxable","12":"shipping-taxable","13":"purchasable","14":"product-type-variable"},"acf":[],"gallery_images":[557383,557386,557382,557381],"_links":{"self":[{"href":"https:\/\/loveforever.se\/en\/wp-json\/wp\/v2\/product\/557384","targetHints":{"allow":["GET"]}}],"collection":[{"href":"https:\/\/loveforever.se\/en\/wp-json\/wp\/v2\/product"}],"about":[{"href":"https:\/\/loveforever.se\/en\/wp-json\/wp\/v2\/types\/product"}],"replies":[{"embeddable":true,"href":"https:\/\/loveforever.se\/en\/wp-json\/wp\/v2\/comments?post=557384"}],"wp:featuredmedia":[{"embeddable":true,"href":"https:\/\/loveforever.se\/en\/wp-json\/wp\/v2\/media\/557385"}],"wp:attachment":[{"href":"https:\/\/loveforever.se\/en\/wp-json\/wp\/v2\/media?parent=557384"}],"wp:term":[{"taxonomy":"product_brand","embeddable":true,"href":"https:\/\/loveforever.se\/en\/wp-json\/wp\/v2\/product_brand?post=557384"},{"taxonomy":"product_cat","embeddable":true,"href":"https:\/\/loveforever.se\/en\/wp-json\/wp\/v2\/product_cat?post=557384"},{"taxonomy":"product_tag","embeddable":true,"href":"https:\/\/loveforever.se\/en\/wp-json\/wp\/v2\/product_tag?post=557384"}],"curies":[{"name":"wp","href":"https:\/\/api.w.org\/{rel}","templated":true}]}}