{"id":558447,"date":"2025-05-04T15:39:57","date_gmt":"2025-05-04T13:39:57","guid":{"rendered":"https:\/\/loveforever.se\/?post_type=product&#038;p=558447"},"modified":"2026-05-07T13:46:21","modified_gmt":"2026-05-07T11:46:21","slug":"jannicke-bomullsklanning-army","status":"publish","type":"product","link":"https:\/\/loveforever.se\/en\/produkt\/jannicke-bomullsklanning-army\/","title":{"rendered":"Jannicke Bomullskl\u00e4nning Army"},"content":{"rendered":"","protected":false},"excerpt":{"rendered":"<p>Strykfri kl\u00e4nning i kaki \u2013 100% bomull.<br \/>\nSuperfin kl\u00e4nning i 100% bomull i en stilren och tidl\u00f6s kaki\/milit\u00e4rgr\u00f6n nyans. Tyget \u00e4r krinklat vilket g\u00f6r kl\u00e4nningen helt strykfri \u2013 bara att tv\u00e4tta och h\u00e4nga p\u00e5 galge. V-ringad b\u00e5de fram och bak med knyte bak i nacken, s\u00e5 du enkelt justerar b\u00e5de urringning och passform. Res\u00e5r under bysten ger en feminin siluett och sk\u00f6n komfort. En sval och l\u00e4ttburen bomullskl\u00e4nning som funkar lika bra till vardags med sneakers eller sandaler som till fest med klackar. Jennie som jobbar h\u00e4r har eget bystm\u00e5tt p\u00e5 115cm, hon har denna i L-XL, och den \u00e4r lite rymlig p\u00e5 henne.<\/p>","protected":false},"featured_media":558437,"comment_status":"open","ping_status":"closed","template":"","meta":{"_acf_changed":false},"product_brand":[],"product_cat":[1155,1151,1138,1154,1159],"product_tag":[],"class_list":{"0":"post-558447","1":"product","2":"type-product","3":"status-publish","4":"has-post-thumbnail","6":"product_cat-bohemiska","7":"product_cat-klanningar-dam","8":"product_cat-klanningar-tunikor","9":"product_cat-langa","10":"product_cat-nyheter","12":"first","13":"instock","14":"taxable","15":"shipping-taxable","16":"purchasable","17":"product-type-variable"},"acf":[],"gallery_images":[],"_links":{"self":[{"href":"https:\/\/loveforever.se\/en\/wp-json\/wp\/v2\/product\/558447","targetHints":{"allow":["GET"]}}],"collection":[{"href":"https:\/\/loveforever.se\/en\/wp-json\/wp\/v2\/product"}],"about":[{"href":"https:\/\/loveforever.se\/en\/wp-json\/wp\/v2\/types\/product"}],"replies":[{"embeddable":true,"href":"https:\/\/loveforever.se\/en\/wp-json\/wp\/v2\/comments?post=558447"}],"wp:featuredmedia":[{"embeddable":true,"href":"https:\/\/loveforever.se\/en\/wp-json\/wp\/v2\/media\/558437"}],"wp:attachment":[{"href":"https:\/\/loveforever.se\/en\/wp-json\/wp\/v2\/media?parent=558447"}],"wp:term":[{"taxonomy":"product_brand","embeddable":true,"href":"https:\/\/loveforever.se\/en\/wp-json\/wp\/v2\/product_brand?post=558447"},{"taxonomy":"product_cat","embeddable":true,"href":"https:\/\/loveforever.se\/en\/wp-json\/wp\/v2\/product_cat?post=558447"},{"taxonomy":"product_tag","embeddable":true,"href":"https:\/\/loveforever.se\/en\/wp-json\/wp\/v2\/product_tag?post=558447"}],"curies":[{"name":"wp","href":"https:\/\/api.w.org\/{rel}","templated":true}]}}