{"id":559496,"date":"2025-05-13T17:13:23","date_gmt":"2025-05-13T15:13:23","guid":{"rendered":"https:\/\/loveforever.se\/?post_type=product&#038;p=559496"},"modified":"2026-04-20T10:47:08","modified_gmt":"2026-04-20T08:47:08","slug":"susanne-bohemisk-blus-rosa-blommor","status":"publish","type":"product","link":"https:\/\/loveforever.se\/en\/produkt\/susanne-bohemisk-blus-rosa-blommor\/","title":{"rendered":"Susanne Bohemian Blouse Pink Flowers"},"content":{"rendered":"","protected":false},"excerpt":{"rendered":"<p>Susanne Blouse \u00e4r v\u00e5r absolut b\u00e4sts\u00e4ljande blus! Den \u00e4r mjuk, sk\u00f6n mot huden och ger en fantastisk passform. Den \u00e4r designad med fina bomullstassels framtill som du kan v\u00e4lja att knyta eller ha \u00f6ppet beroende p\u00e5 din stil. \u00c4rmsluten har res\u00e5r och en liten volang, vilket g\u00f6r det enkelt att justera \u00e4rmarna f\u00f6r en mer avslappnad eller uppvikt look. Denna viskosblus \u00e4r perfekt f\u00f6r alla tillf\u00e4llen \u2013 styla den med vita jeans och klackar f\u00f6r en elegant festlook, eller matcha den med vanliga jeans, shorts och sneakers f\u00f6r en avslappnad och vardagssnygg stil. One size passar XS-XXL och ger dig b\u00e5de komfort och stil. Susanne Blouse \u00e4r en m\u00e5ngsidig favorit som du kommer att \u00e4lska!<br \/>\n100% viskos<br \/>\nTv\u00e4ttas max 30gr, handtv\u00e4ttsprogrammet.<\/p>","protected":false},"featured_media":535546,"comment_status":"open","ping_status":"closed","template":"","meta":{"_acf_changed":false},"product_brand":[],"product_cat":[1147,1159,1166],"product_tag":[],"class_list":{"0":"post-559496","1":"product","2":"type-product","3":"status-publish","4":"has-post-thumbnail","6":"product_cat-toppar-blusar","7":"product_cat-nyheter","8":"product_cat-shop-the-look","10":"first","11":"instock","12":"taxable","13":"shipping-taxable","14":"purchasable","15":"product-type-simple"},"acf":[],"gallery_images":[535547],"_links":{"self":[{"href":"https:\/\/loveforever.se\/en\/wp-json\/wp\/v2\/product\/559496","targetHints":{"allow":["GET"]}}],"collection":[{"href":"https:\/\/loveforever.se\/en\/wp-json\/wp\/v2\/product"}],"about":[{"href":"https:\/\/loveforever.se\/en\/wp-json\/wp\/v2\/types\/product"}],"replies":[{"embeddable":true,"href":"https:\/\/loveforever.se\/en\/wp-json\/wp\/v2\/comments?post=559496"}],"wp:featuredmedia":[{"embeddable":true,"href":"https:\/\/loveforever.se\/en\/wp-json\/wp\/v2\/media\/535546"}],"wp:attachment":[{"href":"https:\/\/loveforever.se\/en\/wp-json\/wp\/v2\/media?parent=559496"}],"wp:term":[{"taxonomy":"product_brand","embeddable":true,"href":"https:\/\/loveforever.se\/en\/wp-json\/wp\/v2\/product_brand?post=559496"},{"taxonomy":"product_cat","embeddable":true,"href":"https:\/\/loveforever.se\/en\/wp-json\/wp\/v2\/product_cat?post=559496"},{"taxonomy":"product_tag","embeddable":true,"href":"https:\/\/loveforever.se\/en\/wp-json\/wp\/v2\/product_tag?post=559496"}],"curies":[{"name":"wp","href":"https:\/\/api.w.org\/{rel}","templated":true}]}}