{"id":560162,"date":"2025-05-21T14:51:59","date_gmt":"2025-05-21T12:51:59","guid":{"rendered":"https:\/\/loveforever.se\/?post_type=product&#038;p=560162"},"modified":"2026-05-06T09:25:35","modified_gmt":"2026-05-06T07:25:35","slug":"fleur-lang-stretchig-klanning","status":"publish","type":"product","link":"https:\/\/loveforever.se\/en\/produkt\/fleur-lang-stretchig-klanning\/","title":{"rendered":"Fleur L\u00e5ng Stretchig Kl\u00e4nning"},"content":{"rendered":"","protected":false},"excerpt":{"rendered":"<p>En kl\u00e4nning som drar blickarna till sig \u2013 romantisk, bekv\u00e4m och festklar!<\/p>\n<p>Den h\u00e4r kl\u00e4nningen \u00e4r en riktig dr\u00f6m i garderoben \u2013 med ett vackert blomprint i ljuvliga f\u00e4rger, ett mjukt och stretchigt tyg, och en unik spetsliknande struktur i materialet som ger en lyxig och genomarbetad k\u00e4nsla. Du kan b\u00e4ra den som singoalla med bara axlar, eller med axlarna uppe \u2013 b\u00e5da varianterna \u00e4r lika fina.<\/p>\n<p>Perfekt som festkl\u00e4nning eller till br\u00f6llop, men lika l\u00e4tt att kl\u00e4 ner med sneakers eller boots till vardags. En kl\u00e4nning som verkligen sticker ut \u2013 utan att kompromissa med komfort.<\/p>\n<p>Modellen \u00e4r 163 cm l\u00e5ng, har 93 cm i byst och b\u00e4r storlek S. Kl\u00e4nningen \u00e4r normal i storlek.<\/p>\n<p>\u2714 Blomprint i vackra f\u00e4rger \u2013 romantiskt och levande<br \/>\n\u2714 Stretchigt tyg med spetsm\u00f6nster \u2013 bekv\u00e4mt och exklusivt<br \/>\n\u2714 Kan b\u00e4ras som singoalla eller med axlarna uppe<br \/>\n\u2714 Normal i storlek \u2013 v\u00e4lj din vanliga<br \/>\n\u2714 Modellinfo: Pamela, modellen med ljusre h\u00e5r har bystm\u00e5tt p\u00e5 105cm, midja p\u00e5 90cm, h\u00f6ft 111cm, Pamela har M p\u00e5 sig. . \u00c5sa, modellen med l\u00e5ngt m\u00f6rkt h\u00e5r \u00e4r163 cm, byst 93 cm, storlek S<\/p>","protected":false},"featured_media":564594,"comment_status":"open","ping_status":"closed","template":"","meta":{"_acf_changed":false},"product_brand":[],"product_cat":[1181],"product_tag":[],"class_list":{"0":"post-560162","1":"product","2":"type-product","3":"status-publish","4":"has-post-thumbnail","6":"product_cat-fynda","8":"first","9":"instock","10":"sale","11":"taxable","12":"shipping-taxable","13":"purchasable","14":"product-type-variable"},"acf":[],"gallery_images":[560166,560165,560164],"_links":{"self":[{"href":"https:\/\/loveforever.se\/en\/wp-json\/wp\/v2\/product\/560162","targetHints":{"allow":["GET"]}}],"collection":[{"href":"https:\/\/loveforever.se\/en\/wp-json\/wp\/v2\/product"}],"about":[{"href":"https:\/\/loveforever.se\/en\/wp-json\/wp\/v2\/types\/product"}],"replies":[{"embeddable":true,"href":"https:\/\/loveforever.se\/en\/wp-json\/wp\/v2\/comments?post=560162"}],"wp:featuredmedia":[{"embeddable":true,"href":"https:\/\/loveforever.se\/en\/wp-json\/wp\/v2\/media\/564594"}],"wp:attachment":[{"href":"https:\/\/loveforever.se\/en\/wp-json\/wp\/v2\/media?parent=560162"}],"wp:term":[{"taxonomy":"product_brand","embeddable":true,"href":"https:\/\/loveforever.se\/en\/wp-json\/wp\/v2\/product_brand?post=560162"},{"taxonomy":"product_cat","embeddable":true,"href":"https:\/\/loveforever.se\/en\/wp-json\/wp\/v2\/product_cat?post=560162"},{"taxonomy":"product_tag","embeddable":true,"href":"https:\/\/loveforever.se\/en\/wp-json\/wp\/v2\/product_tag?post=560162"}],"curies":[{"name":"wp","href":"https:\/\/api.w.org\/{rel}","templated":true}]}}