{"id":562031,"date":"2025-06-24T14:29:47","date_gmt":"2025-06-24T12:29:47","guid":{"rendered":"https:\/\/loveforever.se\/?post_type=product&#038;p=562031"},"modified":"2026-04-24T16:24:14","modified_gmt":"2026-04-24T14:24:14","slug":"leo-jadore-bomullstshirt-vit","status":"publish","type":"product","link":"https:\/\/loveforever.se\/en\/produkt\/leo-jadore-bomullstshirt-vit\/","title":{"rendered":"Leo Jadore Cotton T-Shirt White"},"content":{"rendered":"","protected":false},"excerpt":{"rendered":"<p>Snygg och tuff tshirt i 100% bomull med stretch. Uppvikta \u00e4rmar som snygg detalj. Supermjukt bomullstyg och leotryck i rosa med  med text i guld &#8220;J&#8217;adore&#8221; p\u00e5 framsidan. One size, passar fr\u00e5n XS till eget bystm\u00e5tt p\u00e5 max 112cm. Styla med jeans, kjol eller shorts. <\/p>","protected":false},"featured_media":562027,"comment_status":"open","ping_status":"closed","template":"","meta":{"_acf_changed":false},"product_brand":[],"product_cat":[1147],"product_tag":[],"class_list":{"0":"post-562031","1":"product","2":"type-product","3":"status-publish","4":"has-post-thumbnail","6":"product_cat-toppar-blusar","8":"first","9":"instock","10":"taxable","11":"shipping-taxable","12":"purchasable","13":"product-type-simple"},"acf":[],"gallery_images":[562028,562030,562029],"_links":{"self":[{"href":"https:\/\/loveforever.se\/en\/wp-json\/wp\/v2\/product\/562031","targetHints":{"allow":["GET"]}}],"collection":[{"href":"https:\/\/loveforever.se\/en\/wp-json\/wp\/v2\/product"}],"about":[{"href":"https:\/\/loveforever.se\/en\/wp-json\/wp\/v2\/types\/product"}],"replies":[{"embeddable":true,"href":"https:\/\/loveforever.se\/en\/wp-json\/wp\/v2\/comments?post=562031"}],"wp:featuredmedia":[{"embeddable":true,"href":"https:\/\/loveforever.se\/en\/wp-json\/wp\/v2\/media\/562027"}],"wp:attachment":[{"href":"https:\/\/loveforever.se\/en\/wp-json\/wp\/v2\/media?parent=562031"}],"wp:term":[{"taxonomy":"product_brand","embeddable":true,"href":"https:\/\/loveforever.se\/en\/wp-json\/wp\/v2\/product_brand?post=562031"},{"taxonomy":"product_cat","embeddable":true,"href":"https:\/\/loveforever.se\/en\/wp-json\/wp\/v2\/product_cat?post=562031"},{"taxonomy":"product_tag","embeddable":true,"href":"https:\/\/loveforever.se\/en\/wp-json\/wp\/v2\/product_tag?post=562031"}],"curies":[{"name":"wp","href":"https:\/\/api.w.org\/{rel}","templated":true}]}}