{"id":562033,"date":"2025-06-24T15:06:25","date_gmt":"2025-06-24T13:06:25","guid":{"rendered":"https:\/\/loveforever.se\/?post_type=product&#038;p=562033"},"modified":"2026-05-04T08:00:23","modified_gmt":"2026-05-04T06:00:23","slug":"happie-viskosklanning-turquoise","status":"publish","type":"product","link":"https:\/\/loveforever.se\/en\/produkt\/happie-viskosklanning-turquoise\/","title":{"rendered":"Happie Viskoskl\u00e4nning Turquoise &#8211; nu i storlekar!"},"content":{"rendered":"","protected":false},"excerpt":{"rendered":"<p>Turkos kl\u00e4nning i 100% viskos med blomm\u00f6nster<\/p>\n<p>En riktig dr\u00f6mkl\u00e4nning i 100% viskos \u2013 luftig, feminin och fylld av f\u00e4rg! Den turkosa basen kombinerat med blommor i rosa, bl\u00e5tt, orange och gr\u00f6nt skapar en romantisk men \u00e4nd\u00e5 bohemisk k\u00e4nsla. Kl\u00e4nningen har en vacker vidd i kjolen, volangdetalj vid \u00e4rmsluten och en sk\u00f6n passform som passar de flesta kroppstyper.<br \/>\nDen h\u00e4r kl\u00e4nningen \u00e4r perfekt \u00e5ret om:<br \/>\n\u2013 P\u00e5 sommaren med sandaler, sneakers eller flip-flops<br \/>\n\u2013 P\u00e5 h\u00f6st och vinter med boots, strumpbyxor och skinnjacka<\/p>\n<p>\u2022 100% viskos \u2013 mjukt, f\u00f6ljsamt och andas<br \/>\n\u2022 Turkos grundf\u00e4rg med blommor i flera f\u00e4rger<br \/>\n\u2022 Vidd i kjolen &amp; volang vid \u00e4rm \u2013 vackert fall och detaljrikedom<br \/>\n\u2022 One size \u2013 passar S till XL<\/p>\n<p>En kl\u00e4nning att \u00e4lska \u2013 en riktig Love Forever-favorit!<br \/>\nM\u00e5tt (t\u00e4nk p\u00e5 att det alltid kan skilja upp till 1,5cm)<br \/>\nS-M- armh\u00e5la-armh\u00e5la 57cm, l\u00e4ngd 137cm<br \/>\nM-L- armh\u00e5la-armh\u00e5la 60cm, l\u00e4ngd 139cm<br \/>\nL-XL- armh\u00e5la-armh\u00e5la 63cm, l\u00e4ngd 142cm<br \/>\nEn riktig Love Forever-kl\u00e4nning med wow-k\u00e4nsla \u2013 bohemisk, f\u00e4rgstark och s\u00e5 l\u00e4ttburen!<br \/>\nPS \u2013 leverans sker mitten av maj \u2013 s\u00e5 l\u00e4gg order och v\u00e4lj Klarna faktura s\u00e5 aktiverar vi fakturan n\u00e4r vi skickar din order!<\/p>","protected":false},"featured_media":562560,"comment_status":"open","ping_status":"closed","template":"","meta":{"_acf_changed":false},"product_brand":[],"product_cat":[1151,1138,1154,1226,1152,1159],"product_tag":[],"class_list":{"0":"post-562033","1":"product","2":"type-product","3":"status-publish","4":"has-post-thumbnail","6":"product_cat-klanningar-dam","7":"product_cat-klanningar-tunikor","8":"product_cat-langa","9":"product_cat-maxiklanningar","10":"product_cat-monstrade","11":"product_cat-nyheter","13":"first","14":"instock","15":"taxable","16":"shipping-taxable","17":"purchasable","18":"product-type-variable"},"acf":[],"gallery_images":[562563,562564,562561],"_links":{"self":[{"href":"https:\/\/loveforever.se\/en\/wp-json\/wp\/v2\/product\/562033","targetHints":{"allow":["GET"]}}],"collection":[{"href":"https:\/\/loveforever.se\/en\/wp-json\/wp\/v2\/product"}],"about":[{"href":"https:\/\/loveforever.se\/en\/wp-json\/wp\/v2\/types\/product"}],"replies":[{"embeddable":true,"href":"https:\/\/loveforever.se\/en\/wp-json\/wp\/v2\/comments?post=562033"}],"wp:featuredmedia":[{"embeddable":true,"href":"https:\/\/loveforever.se\/en\/wp-json\/wp\/v2\/media\/562560"}],"wp:attachment":[{"href":"https:\/\/loveforever.se\/en\/wp-json\/wp\/v2\/media?parent=562033"}],"wp:term":[{"taxonomy":"product_brand","embeddable":true,"href":"https:\/\/loveforever.se\/en\/wp-json\/wp\/v2\/product_brand?post=562033"},{"taxonomy":"product_cat","embeddable":true,"href":"https:\/\/loveforever.se\/en\/wp-json\/wp\/v2\/product_cat?post=562033"},{"taxonomy":"product_tag","embeddable":true,"href":"https:\/\/loveforever.se\/en\/wp-json\/wp\/v2\/product_tag?post=562033"}],"curies":[{"name":"wp","href":"https:\/\/api.w.org\/{rel}","templated":true}]}}