{"id":562062,"date":"2025-06-24T23:13:38","date_gmt":"2025-06-24T21:13:38","guid":{"rendered":"https:\/\/loveforever.se\/?post_type=product&#038;p=562062"},"modified":"2026-04-22T14:38:47","modified_gmt":"2026-04-22T12:38:47","slug":"happie-viskosklanning-beige","status":"publish","type":"product","link":"https:\/\/loveforever.se\/en\/produkt\/happie-viskosklanning-beige\/","title":{"rendered":"Happie Viskoskl\u00e4nning Beige &#8211; nu i storlekar!"},"content":{"rendered":"","protected":false},"excerpt":{"rendered":"<p>Kl\u00e4nning i 100% viskos med beige botten och blommor<\/p>\n<p>En helt underbar boho-kl\u00e4nning i 100% viskos \u2013 nu med beige botten och ett livfullt blomm\u00f6nster i rosa, bl\u00e5tt, orange och gr\u00f6nt. Den luftiga passformen, den h\u00e4rliga vidden i kjolen och de mjuka volangerna vid \u00e4rmsluten skapar en feminin silhuett med romantiska vibbar.<\/p>\n<p>Detta \u00e4r en kl\u00e4nning du b\u00e4r \u00e5ret runt \u2013 p\u00e5 sommaren med sandaler eller sneakers, och under h\u00f6st och vinter tillsammans med boots och skinnjacka.<\/p>\n<p>\u2022 100% viskos \u2013 f\u00f6ljsamt och svalt tyg<br \/>\n\u2022 Beige botten med f\u00e4rgstarkt blomm\u00f6nster<br \/>\n\u2022 Volangdetalj vid \u00e4rmslut och vidd i kjolen<br \/>\n\u2022 \u00c5ret-runt-plagg \u2013 lika snyggt till boots som till flip-flops<\/p>\n<p>M\u00e5tt (t\u00e4nk p\u00e5 att det alltid kan skilja upp till 1,5cm)<br \/>\nS-M- armh\u00e5la-armh\u00e5la 57cm, l\u00e4ngd 137cm<br \/>\nM-L- armh\u00e5la-armh\u00e5la 60cm, l\u00e4ngd 139cm<br \/>\nL-XL- armh\u00e5la-armh\u00e5la 63cm, l\u00e4ngd 142cm<br \/>\nEn riktig Love Forever-kl\u00e4nning med wow-k\u00e4nsla \u2013 bohemisk, f\u00e4rgstark och s\u00e5 l\u00e4ttburen!<br \/>\nPS &#8211; leverans sker mitten av maj &#8211; s\u00e5 l\u00e4gg order och v\u00e4lj Klarna faktura s\u00e5 aktiverar vi fakturan n\u00e4r vi skickar din order! <\/p>","protected":false},"featured_media":562542,"comment_status":"open","ping_status":"closed","template":"","meta":{"_acf_changed":false},"product_brand":[],"product_cat":[1151,1138,1154,1226,1152,1159],"product_tag":[],"class_list":{"0":"post-562062","1":"product","2":"type-product","3":"status-publish","4":"has-post-thumbnail","6":"product_cat-klanningar-dam","7":"product_cat-klanningar-tunikor","8":"product_cat-langa","9":"product_cat-maxiklanningar","10":"product_cat-monstrade","11":"product_cat-nyheter","13":"first","14":"outofstock","15":"taxable","16":"shipping-taxable","17":"purchasable","18":"product-type-variable"},"acf":[],"gallery_images":[562546,562547,562544,562543,562545],"_links":{"self":[{"href":"https:\/\/loveforever.se\/en\/wp-json\/wp\/v2\/product\/562062","targetHints":{"allow":["GET"]}}],"collection":[{"href":"https:\/\/loveforever.se\/en\/wp-json\/wp\/v2\/product"}],"about":[{"href":"https:\/\/loveforever.se\/en\/wp-json\/wp\/v2\/types\/product"}],"replies":[{"embeddable":true,"href":"https:\/\/loveforever.se\/en\/wp-json\/wp\/v2\/comments?post=562062"}],"wp:featuredmedia":[{"embeddable":true,"href":"https:\/\/loveforever.se\/en\/wp-json\/wp\/v2\/media\/562542"}],"wp:attachment":[{"href":"https:\/\/loveforever.se\/en\/wp-json\/wp\/v2\/media?parent=562062"}],"wp:term":[{"taxonomy":"product_brand","embeddable":true,"href":"https:\/\/loveforever.se\/en\/wp-json\/wp\/v2\/product_brand?post=562062"},{"taxonomy":"product_cat","embeddable":true,"href":"https:\/\/loveforever.se\/en\/wp-json\/wp\/v2\/product_cat?post=562062"},{"taxonomy":"product_tag","embeddable":true,"href":"https:\/\/loveforever.se\/en\/wp-json\/wp\/v2\/product_tag?post=562062"}],"curies":[{"name":"wp","href":"https:\/\/api.w.org\/{rel}","templated":true}]}}