{"id":562063,"date":"2025-06-24T23:17:55","date_gmt":"2025-06-24T21:17:55","guid":{"rendered":"https:\/\/loveforever.se\/?post_type=product&#038;p=562063"},"modified":"2026-04-15T17:23:22","modified_gmt":"2026-04-15T15:23:22","slug":"happie-viskosklanning-cerise","status":"publish","type":"product","link":"https:\/\/loveforever.se\/en\/produkt\/happie-viskosklanning-cerise\/","title":{"rendered":"Happie Viskoskl\u00e4nning Cerise &#8211; nu i storlekar!"},"content":{"rendered":"","protected":false},"excerpt":{"rendered":"<p>Kl\u00e4nning i 100% viskos med cerise botten och blommor<\/p>\n<p>Str\u00e5la i f\u00e4rg med denna underbara boho-kl\u00e4nning i 100% viskos, nu med en cerise botten och ett f\u00e4rgsprakande blomm\u00f6nster i rosa, bl\u00e5tt, orange och gr\u00f6nt. Den luftiga modellen med gener\u00f6s vidd i kjolen och volangdetaljer vid \u00e4rmsluten ger b\u00e5de komfort och en romantisk silhuett.<\/p>\n<p>En riktig Love Forever-favorit \u2013 lika fin till strandpromenader som till h\u00f6stkv\u00e4llar med boots och skinnjacka.<\/p>\n<p>\u2022 100% viskos \u2013 svalt, mjukt och f\u00f6ljsamt tyg<br \/>\n\u2022 Cerise botten med blommor i flera f\u00e4rger<br \/>\n\u2022 Vidd i kjolen, volang vid \u00e4rmslut f\u00f6r ett feminint fall<br \/>\n\u2022 Passar \u00e5ret om \u2013 med sandaler eller boots<\/p>\n<p>En kl\u00e4nning som utstr\u00e5lar gl\u00e4dje, f\u00e4rg och stil \u2013 och som snabbt blir en favorit i garderoben.<br \/>\nM\u00e5tt (t\u00e4nk p\u00e5 att det alltid kan skilja upp till 1,5cm)<br \/>\nS-M- armh\u00e5la-armh\u00e5la 57cm, l\u00e4ngd 137cm<br \/>\nM-L- armh\u00e5la-armh\u00e5la 60cm, l\u00e4ngd 139cm<br \/>\nL-XL- armh\u00e5la-armh\u00e5la 63cm, l\u00e4ngd 142cm<br \/>\nEn riktig Love Forever-kl\u00e4nning med wow-k\u00e4nsla \u2013 bohemisk, f\u00e4rgstark och s\u00e5 l\u00e4ttburen!<br \/>\nPS \u2013 leverans sker mitten av maj \u2013 s\u00e5 l\u00e4gg order och v\u00e4lj Klarna faktura s\u00e5 aktiverar vi fakturan n\u00e4r vi skickar din order!<\/p>","protected":false},"featured_media":562552,"comment_status":"open","ping_status":"closed","template":"","meta":{"_acf_changed":false},"product_brand":[],"product_cat":[1151,1138,1154,1226,1152,1159],"product_tag":[],"class_list":{"0":"post-562063","1":"product","2":"type-product","3":"status-publish","4":"has-post-thumbnail","6":"product_cat-klanningar-dam","7":"product_cat-klanningar-tunikor","8":"product_cat-langa","9":"product_cat-maxiklanningar","10":"product_cat-monstrade","11":"product_cat-nyheter","13":"first","14":"instock","15":"taxable","16":"shipping-taxable","17":"purchasable","18":"product-type-variable"},"acf":[],"gallery_images":[562551,562549,562550],"_links":{"self":[{"href":"https:\/\/loveforever.se\/en\/wp-json\/wp\/v2\/product\/562063","targetHints":{"allow":["GET"]}}],"collection":[{"href":"https:\/\/loveforever.se\/en\/wp-json\/wp\/v2\/product"}],"about":[{"href":"https:\/\/loveforever.se\/en\/wp-json\/wp\/v2\/types\/product"}],"replies":[{"embeddable":true,"href":"https:\/\/loveforever.se\/en\/wp-json\/wp\/v2\/comments?post=562063"}],"wp:featuredmedia":[{"embeddable":true,"href":"https:\/\/loveforever.se\/en\/wp-json\/wp\/v2\/media\/562552"}],"wp:attachment":[{"href":"https:\/\/loveforever.se\/en\/wp-json\/wp\/v2\/media?parent=562063"}],"wp:term":[{"taxonomy":"product_brand","embeddable":true,"href":"https:\/\/loveforever.se\/en\/wp-json\/wp\/v2\/product_brand?post=562063"},{"taxonomy":"product_cat","embeddable":true,"href":"https:\/\/loveforever.se\/en\/wp-json\/wp\/v2\/product_cat?post=562063"},{"taxonomy":"product_tag","embeddable":true,"href":"https:\/\/loveforever.se\/en\/wp-json\/wp\/v2\/product_tag?post=562063"}],"curies":[{"name":"wp","href":"https:\/\/api.w.org\/{rel}","templated":true}]}}