{"id":562211,"date":"2025-06-26T23:14:30","date_gmt":"2025-06-26T21:14:30","guid":{"rendered":"https:\/\/loveforever.se\/?post_type=product&#038;p=562211"},"modified":"2026-05-06T18:16:51","modified_gmt":"2026-05-06T16:16:51","slug":"flatat-boho-balte-manga-farger","status":"publish","type":"product","link":"https:\/\/loveforever.se\/en\/produkt\/flatat-boho-balte-manga-farger\/","title":{"rendered":"Fl\u00e4tat Boho B\u00e4lte &#8211; m\u00e5nga f\u00e4rger"},"content":{"rendered":"","protected":false},"excerpt":{"rendered":"<p>Superfin bohemiskt fl\u00e4tat sk\u00e4rp. L\u00e4tt att anpassa l\u00e4ngden p\u00e5. <\/p>","protected":false},"featured_media":562157,"comment_status":"open","ping_status":"closed","template":"","meta":{"_acf_changed":false},"product_brand":[],"product_cat":[1133,1259,1203],"product_tag":[],"class_list":{"0":"post-562211","1":"product","2":"type-product","3":"status-publish","4":"has-post-thumbnail","6":"product_cat-accessoarer","7":"product_cat-skarp","8":"product_cat-rea","10":"first","11":"instock","12":"sale","13":"taxable","14":"shipping-taxable","15":"purchasable","16":"product-type-variable"},"acf":[],"gallery_images":[562156,562155,562158],"_links":{"self":[{"href":"https:\/\/loveforever.se\/en\/wp-json\/wp\/v2\/product\/562211","targetHints":{"allow":["GET"]}}],"collection":[{"href":"https:\/\/loveforever.se\/en\/wp-json\/wp\/v2\/product"}],"about":[{"href":"https:\/\/loveforever.se\/en\/wp-json\/wp\/v2\/types\/product"}],"replies":[{"embeddable":true,"href":"https:\/\/loveforever.se\/en\/wp-json\/wp\/v2\/comments?post=562211"}],"wp:featuredmedia":[{"embeddable":true,"href":"https:\/\/loveforever.se\/en\/wp-json\/wp\/v2\/media\/562157"}],"wp:attachment":[{"href":"https:\/\/loveforever.se\/en\/wp-json\/wp\/v2\/media?parent=562211"}],"wp:term":[{"taxonomy":"product_brand","embeddable":true,"href":"https:\/\/loveforever.se\/en\/wp-json\/wp\/v2\/product_brand?post=562211"},{"taxonomy":"product_cat","embeddable":true,"href":"https:\/\/loveforever.se\/en\/wp-json\/wp\/v2\/product_cat?post=562211"},{"taxonomy":"product_tag","embeddable":true,"href":"https:\/\/loveforever.se\/en\/wp-json\/wp\/v2\/product_tag?post=562211"}],"curies":[{"name":"wp","href":"https:\/\/api.w.org\/{rel}","templated":true}]}}