{"id":562511,"date":"2025-07-08T15:35:44","date_gmt":"2025-07-08T13:35:44","guid":{"rendered":"https:\/\/loveforever.se\/?post_type=product&#038;p=562511"},"modified":"2026-05-07T14:35:16","modified_gmt":"2026-05-07T12:35:16","slug":"grace-spetstopp-gul","status":"publish","type":"product","link":"https:\/\/loveforever.se\/en\/produkt\/grace-spetstopp-gul\/","title":{"rendered":"Grace Spetstop Gul"},"content":{"rendered":"","protected":false},"excerpt":{"rendered":"<p>Supers\u00f6t topp i spets med res\u00e5r vid midjan eller lite l\u00e4ngre ner som ger smickrande feminin passform. ej genomskinlig p\u00e5 kroppen fram och bak. One size, passar XS-eget bystm\u00e5tt p\u00e5 105cm. <\/p>","protected":false},"featured_media":562510,"comment_status":"open","ping_status":"closed","template":"","meta":{"_acf_changed":false},"product_brand":[],"product_cat":[1147,1159],"product_tag":[],"class_list":{"0":"post-562511","1":"product","2":"type-product","3":"status-publish","4":"has-post-thumbnail","6":"product_cat-toppar-blusar","7":"product_cat-nyheter","9":"first","10":"instock","11":"taxable","12":"shipping-taxable","13":"purchasable","14":"product-type-simple"},"acf":[],"gallery_images":[562508,562509,562507,562506],"_links":{"self":[{"href":"https:\/\/loveforever.se\/en\/wp-json\/wp\/v2\/product\/562511","targetHints":{"allow":["GET"]}}],"collection":[{"href":"https:\/\/loveforever.se\/en\/wp-json\/wp\/v2\/product"}],"about":[{"href":"https:\/\/loveforever.se\/en\/wp-json\/wp\/v2\/types\/product"}],"replies":[{"embeddable":true,"href":"https:\/\/loveforever.se\/en\/wp-json\/wp\/v2\/comments?post=562511"}],"wp:featuredmedia":[{"embeddable":true,"href":"https:\/\/loveforever.se\/en\/wp-json\/wp\/v2\/media\/562510"}],"wp:attachment":[{"href":"https:\/\/loveforever.se\/en\/wp-json\/wp\/v2\/media?parent=562511"}],"wp:term":[{"taxonomy":"product_brand","embeddable":true,"href":"https:\/\/loveforever.se\/en\/wp-json\/wp\/v2\/product_brand?post=562511"},{"taxonomy":"product_cat","embeddable":true,"href":"https:\/\/loveforever.se\/en\/wp-json\/wp\/v2\/product_cat?post=562511"},{"taxonomy":"product_tag","embeddable":true,"href":"https:\/\/loveforever.se\/en\/wp-json\/wp\/v2\/product_tag?post=562511"}],"curies":[{"name":"wp","href":"https:\/\/api.w.org\/{rel}","templated":true}]}}