{"id":562651,"date":"2025-07-10T13:53:57","date_gmt":"2025-07-10T11:53:57","guid":{"rendered":"https:\/\/loveforever.se\/?post_type=product&#038;p=562651"},"modified":"2026-05-02T14:08:24","modified_gmt":"2026-05-02T12:08:24","slug":"cecilia-viskosblus-tunika-cerise","status":"publish","type":"product","link":"https:\/\/loveforever.se\/en\/produkt\/cecilia-viskosblus-tunika-cerise\/","title":{"rendered":"Cerise Cecilia Blouse\/Tunic"},"content":{"rendered":"","protected":false},"excerpt":{"rendered":"<p>Cerise-rosa blus i 100% viskos med bohemiska volanger \u2013 fr\u00e4sch, feminin &#038; l\u00e4ttburen<\/p>\n<p>Lys upp din garderob med denna cerise-rosa blus i 100% viskos \u2013 en f\u00e4rgstark och luftig favorit med bohemisk k\u00e4nsla. Det mjuka, svala materialet ger ett vackert fall, och de dekorativa volangerna ger blusen en romantisk och avslappnad look.<\/p>\n<p>Framtill finns ett praktiskt kn\u00e4pp som g\u00f6r att du kan b\u00e4ra den st\u00e4ngd f\u00f6r en stilren siluett \u2013 eller \u00f6ppen med ett linne under f\u00f6r en mer ledig look. Matcha med jeans, jeansshorts, kjol eller vita byxor f\u00f6r en somrig och fr\u00e4sch outfit.<br \/>\nPerfekt f\u00f6r b\u00e5de vardag och semester \u2013 en boho-blus som \u00e4r lika sk\u00f6n som snygg!<br \/>\n\ud83d\udcd0 M\u00e5tt:<br \/>\nArmh\u00e5la till armh\u00e5la: ca 56 cm<br \/>\nL\u00e4ngd: ca 77 cm<br \/>\n(Observera att m\u00e5tten kan variera n\u00e5got beroende p\u00e5 plaggens naturliga fall.)<br \/>\n\u2728 Produktdetaljer:<br \/>\nF\u00e4rg: Magisk cerise-rosa<\/p>\n<p>Material: 100% viskos \u2013 l\u00e4tt, mjuk och sval<\/p>\n<p>Volangdetaljer f\u00f6r en bohemisk look<\/p>\n<p>Kn\u00e4ppning framtill \u2013 b\u00e4r st\u00e4ngd eller \u00f6ppen<\/p>\n<p>Passar perfekt till b\u00e5de byxor och kjol<\/p>\n<p>Fr\u00e4sch &#038; feminin stil f\u00f6r v\u00e5r, sommar och sensommar<\/p>","protected":false},"featured_media":562608,"comment_status":"open","ping_status":"closed","template":"","meta":{"_acf_changed":false},"product_brand":[],"product_cat":[1251,1147,1241,1203],"product_tag":[],"class_list":{"0":"post-562651","1":"product","2":"type-product","3":"status-publish","4":"has-post-thumbnail","6":"product_cat-blusar-rea","7":"product_cat-toppar-blusar","8":"product_cat-rea-50","9":"product_cat-rea","11":"first","12":"instock","13":"sale","14":"taxable","15":"shipping-taxable","16":"purchasable","17":"product-type-simple"},"acf":[],"gallery_images":[562611,562610,562609],"_links":{"self":[{"href":"https:\/\/loveforever.se\/en\/wp-json\/wp\/v2\/product\/562651","targetHints":{"allow":["GET"]}}],"collection":[{"href":"https:\/\/loveforever.se\/en\/wp-json\/wp\/v2\/product"}],"about":[{"href":"https:\/\/loveforever.se\/en\/wp-json\/wp\/v2\/types\/product"}],"replies":[{"embeddable":true,"href":"https:\/\/loveforever.se\/en\/wp-json\/wp\/v2\/comments?post=562651"}],"wp:featuredmedia":[{"embeddable":true,"href":"https:\/\/loveforever.se\/en\/wp-json\/wp\/v2\/media\/562608"}],"wp:attachment":[{"href":"https:\/\/loveforever.se\/en\/wp-json\/wp\/v2\/media?parent=562651"}],"wp:term":[{"taxonomy":"product_brand","embeddable":true,"href":"https:\/\/loveforever.se\/en\/wp-json\/wp\/v2\/product_brand?post=562651"},{"taxonomy":"product_cat","embeddable":true,"href":"https:\/\/loveforever.se\/en\/wp-json\/wp\/v2\/product_cat?post=562651"},{"taxonomy":"product_tag","embeddable":true,"href":"https:\/\/loveforever.se\/en\/wp-json\/wp\/v2\/product_tag?post=562651"}],"curies":[{"name":"wp","href":"https:\/\/api.w.org\/{rel}","templated":true}]}}