{"id":562714,"date":"2025-07-10T21:30:12","date_gmt":"2025-07-10T19:30:12","guid":{"rendered":"https:\/\/loveforever.se\/?post_type=product&#038;p=562714"},"modified":"2026-05-05T19:31:53","modified_gmt":"2026-05-05T17:31:53","slug":"susanne-bohemisk-blus-cerise-flower","status":"publish","type":"product","link":"https:\/\/loveforever.se\/en\/produkt\/susanne-bohemisk-blus-cerise-flower\/","title":{"rendered":"Susanne Bohemisk Blus Cerise Flower"},"content":{"rendered":"","protected":false},"excerpt":{"rendered":"<p>Susanne Blouse \u2013 cerise viskosblus med offwhite blommor &#038; boho-detaljer<\/p>\n<p>Uppt\u00e4ck varf\u00f6r Susanne Blouse \u00e4r v\u00e5r stors\u00e4ljare \u2013 nu i en ny, vibrerande cerise f\u00e4rg med offwhite blommor! Denna underbart mjuka blus i 100% viskos \u00e4r lika bekv\u00e4m som snygg, med en sk\u00f6n passform som passar alla kroppstyper.<\/p>\n<p>Framtill pryds den av tassels i bomull som kan knytas eller h\u00e4nga l\u00f6st f\u00f6r en avslappnad look. Res\u00e5r och volang vid \u00e4rmsluten g\u00f6r att du enkelt kan styla \u00e4rmarna som du vill. Perfekt till b\u00e5de vardag och fest \u2013 b\u00e4r med vita jeans och klackar, eller till bl\u00e5jeans och sneakers.<\/p>\n<p>Material: 100% viskos \u2013 mjuk, luftig &#038; f\u00f6ljsam<br \/>\nF\u00e4rg: Cerise botten med offwhite blommor<br \/>\nDetaljer: Knytband med tassels framtill, res\u00e5r &#038; volang vid \u00e4rm<br \/>\nPassform: One size \u2013 passar ca XS till XXL<br \/>\nTv\u00e4ttr\u00e5d: Handtv\u00e4ttsprogram, max 30\u00b0<\/p>","protected":false},"featured_media":562720,"comment_status":"open","ping_status":"closed","template":"","meta":{"_acf_changed":false},"product_brand":[],"product_cat":[1147],"product_tag":[],"class_list":{"0":"post-562714","1":"product","2":"type-product","3":"status-publish","4":"has-post-thumbnail","6":"product_cat-toppar-blusar","8":"first","9":"instock","10":"taxable","11":"shipping-taxable","12":"purchasable","13":"product-type-simple"},"acf":[],"gallery_images":[562719,562722,562723,562724,562721,562718,562717],"_links":{"self":[{"href":"https:\/\/loveforever.se\/en\/wp-json\/wp\/v2\/product\/562714","targetHints":{"allow":["GET"]}}],"collection":[{"href":"https:\/\/loveforever.se\/en\/wp-json\/wp\/v2\/product"}],"about":[{"href":"https:\/\/loveforever.se\/en\/wp-json\/wp\/v2\/types\/product"}],"replies":[{"embeddable":true,"href":"https:\/\/loveforever.se\/en\/wp-json\/wp\/v2\/comments?post=562714"}],"wp:featuredmedia":[{"embeddable":true,"href":"https:\/\/loveforever.se\/en\/wp-json\/wp\/v2\/media\/562720"}],"wp:attachment":[{"href":"https:\/\/loveforever.se\/en\/wp-json\/wp\/v2\/media?parent=562714"}],"wp:term":[{"taxonomy":"product_brand","embeddable":true,"href":"https:\/\/loveforever.se\/en\/wp-json\/wp\/v2\/product_brand?post=562714"},{"taxonomy":"product_cat","embeddable":true,"href":"https:\/\/loveforever.se\/en\/wp-json\/wp\/v2\/product_cat?post=562714"},{"taxonomy":"product_tag","embeddable":true,"href":"https:\/\/loveforever.se\/en\/wp-json\/wp\/v2\/product_tag?post=562714"}],"curies":[{"name":"wp","href":"https:\/\/api.w.org\/{rel}","templated":true}]}}