{"id":563818,"date":"2025-08-06T11:19:18","date_gmt":"2025-08-06T09:19:18","guid":{"rendered":"https:\/\/loveforever.se\/?post_type=product&#038;p=563818"},"modified":"2026-04-22T23:34:13","modified_gmt":"2026-04-22T21:34:13","slug":"monique-utsvangda-jeans-tvattad-brun","status":"publish","type":"product","link":"https:\/\/loveforever.se\/en\/produkt\/monique-utsvangda-jeans-tvattad-brun\/","title":{"rendered":"Monique Utsv\u00e4ngda Jeans Tv\u00e4ttad Brun"},"content":{"rendered":"","protected":false},"excerpt":{"rendered":"<p>Tv\u00e4ttade bruna stretchjeans \u2013 Perfekt kombination av stil och komfort!<\/p>\n<p>Uppgradera din denimgarderob med dessa supersnygga svarta jeans i mjukt, stretchigt material som sitter som en dr\u00f6m. Med stretch i midjan f\u00f6r extra bekv\u00e4mlighet och en r\u00e5 kant nedtill f\u00e5r du en tuff och modern look som passar till alla tillf\u00e4llen.<\/p>\n<p>\u2728 Varf\u00f6r du kommer \u00e4lska dem:<\/p>\n<p>Fantastisk passform: Stretchigt tyg och normal midja som formar sig efter din kropp.<br \/>\nTrendig design: Den r\u00e5a kanten nedtill ger jeansen ett edgy uttryck.<br \/>\nM\u00e5ngsidiga: Perfekta f\u00f6r b\u00e5de vardag och fest, matcha med sneakers eller klackar!<br \/>\nNormal i storlek \u2013 modellen \u00e4r 162 cm och b\u00e4r storlek XS. F\u00e5 det perfekta paret jeans som \u00e4r b\u00e5de bekv\u00e4mt och stilrent!<\/p>","protected":false},"featured_media":563817,"comment_status":"open","ping_status":"closed","template":"","meta":{"_acf_changed":false},"product_brand":[],"product_cat":[1145,1146,1222,1218],"product_tag":[],"class_list":{"0":"post-563818","1":"product","2":"type-product","3":"status-publish","4":"has-post-thumbnail","6":"product_cat-denim","7":"product_cat-nederdelar","8":"product_cat-stretch-jeans-dam","9":"product_cat-utsvangda-jeans-dam","11":"first","12":"instock","13":"taxable","14":"shipping-taxable","15":"purchasable","16":"product-type-variable"},"acf":[],"gallery_images":[],"_links":{"self":[{"href":"https:\/\/loveforever.se\/en\/wp-json\/wp\/v2\/product\/563818","targetHints":{"allow":["GET"]}}],"collection":[{"href":"https:\/\/loveforever.se\/en\/wp-json\/wp\/v2\/product"}],"about":[{"href":"https:\/\/loveforever.se\/en\/wp-json\/wp\/v2\/types\/product"}],"replies":[{"embeddable":true,"href":"https:\/\/loveforever.se\/en\/wp-json\/wp\/v2\/comments?post=563818"}],"wp:featuredmedia":[{"embeddable":true,"href":"https:\/\/loveforever.se\/en\/wp-json\/wp\/v2\/media\/563817"}],"wp:attachment":[{"href":"https:\/\/loveforever.se\/en\/wp-json\/wp\/v2\/media?parent=563818"}],"wp:term":[{"taxonomy":"product_brand","embeddable":true,"href":"https:\/\/loveforever.se\/en\/wp-json\/wp\/v2\/product_brand?post=563818"},{"taxonomy":"product_cat","embeddable":true,"href":"https:\/\/loveforever.se\/en\/wp-json\/wp\/v2\/product_cat?post=563818"},{"taxonomy":"product_tag","embeddable":true,"href":"https:\/\/loveforever.se\/en\/wp-json\/wp\/v2\/product_tag?post=563818"}],"curies":[{"name":"wp","href":"https:\/\/api.w.org\/{rel}","templated":true}]}}