{"id":563850,"date":"2025-08-06T15:36:24","date_gmt":"2025-08-06T13:36:24","guid":{"rendered":"https:\/\/loveforever.se\/?post_type=product&#038;p=563850"},"modified":"2026-05-01T21:21:09","modified_gmt":"2026-05-01T19:21:09","slug":"molly-spetsblus-antracite","status":"publish","type":"product","link":"https:\/\/loveforever.se\/en\/produkt\/molly-spetsblus-antracite\/","title":{"rendered":"Molly Spetsblus Antracite"},"content":{"rendered":"","protected":false},"excerpt":{"rendered":"<p>\ud83d\udda4 Tv\u00e4ttad svart\/antracit blus med broderier \u2013 sval, mjuk &#038; tidl\u00f6st elegant<br \/>\nL\u00e5t detaljerna tala! Denna vackra blus i tv\u00e4ttad svart\/antracit \u00e4r tillverkad i 100 % bomull och kombinerar en mjuk, sval k\u00e4nsla med en avslappnad och elegant stil. De ton-i-ton broderade detaljerna framtill ger blusen en subtil bohemisk k\u00e4nsla som passar lika bra till vardags som till mer uppkl\u00e4dda tillf\u00e4llen.<\/p>\n<p>B\u00e4r den \u00f6ppen \u00f6ver ett linne eller topp f\u00f6r en avslappnad look, eller kn\u00e4pp den och anv\u00e4nd som klassisk blus. Den tv\u00e4ttade f\u00e4rgen ger ett l\u00e4tt urblekt, vintageinspirerat uttryck \u2013 perfekt till jeans, linnebyxor eller kjol.<\/p>\n<p>\u2728 Neutralt, stilrent och enkelt att matcha \u2013 en garderobsfavorit du kommer att anv\u00e4nda om och om igen.<\/p>\n<p>\ud83e\uddf5 Produktinfo:<\/p>\n<p>F\u00e4rg: Tv\u00e4ttad svart\/antracit \u2013 d\u00e4mpad och stilren med vintagek\u00e4nsla<\/p>\n<p>Material: 100 % bomull \u2013 mjuk, sval och behaglig<\/p>\n<p>Detaljer: Broderier framtill i matchande ton<\/p>\n<p>Modell: Knappar framtill \u2013 b\u00e4r \u00f6ppen eller st\u00e4ngd<\/p>\n<p>Storlek: One size \u2013 passar ca XS\u2013XL<\/p>\n<p>M\u00e5tt: Armh\u00e5la till armh\u00e5la: ca 60 cm | L\u00e4ngd: ca 60 cm<\/p>","protected":false},"featured_media":563860,"comment_status":"open","ping_status":"closed","template":"","meta":{"_acf_changed":false},"product_brand":[],"product_cat":[1147,1166],"product_tag":[],"class_list":{"0":"post-563850","1":"product","2":"type-product","3":"status-publish","4":"has-post-thumbnail","6":"product_cat-toppar-blusar","7":"product_cat-shop-the-look","9":"first","10":"instock","11":"taxable","12":"shipping-taxable","13":"purchasable","14":"product-type-simple"},"acf":[],"gallery_images":[563859,563858,563860,563848,563849],"_links":{"self":[{"href":"https:\/\/loveforever.se\/en\/wp-json\/wp\/v2\/product\/563850","targetHints":{"allow":["GET"]}}],"collection":[{"href":"https:\/\/loveforever.se\/en\/wp-json\/wp\/v2\/product"}],"about":[{"href":"https:\/\/loveforever.se\/en\/wp-json\/wp\/v2\/types\/product"}],"replies":[{"embeddable":true,"href":"https:\/\/loveforever.se\/en\/wp-json\/wp\/v2\/comments?post=563850"}],"wp:featuredmedia":[{"embeddable":true,"href":"https:\/\/loveforever.se\/en\/wp-json\/wp\/v2\/media\/563860"}],"wp:attachment":[{"href":"https:\/\/loveforever.se\/en\/wp-json\/wp\/v2\/media?parent=563850"}],"wp:term":[{"taxonomy":"product_brand","embeddable":true,"href":"https:\/\/loveforever.se\/en\/wp-json\/wp\/v2\/product_brand?post=563850"},{"taxonomy":"product_cat","embeddable":true,"href":"https:\/\/loveforever.se\/en\/wp-json\/wp\/v2\/product_cat?post=563850"},{"taxonomy":"product_tag","embeddable":true,"href":"https:\/\/loveforever.se\/en\/wp-json\/wp\/v2\/product_tag?post=563850"}],"curies":[{"name":"wp","href":"https:\/\/api.w.org\/{rel}","templated":true}]}}