{"id":564642,"date":"2025-08-27T11:21:45","date_gmt":"2025-08-27T09:21:45","guid":{"rendered":"https:\/\/loveforever.se\/?post_type=product&#038;p=564642"},"modified":"2026-05-07T14:25:44","modified_gmt":"2026-05-07T12:25:44","slug":"nancy-boots-beige-2","status":"publish","type":"product","link":"https:\/\/loveforever.se\/en\/produkt\/nancy-boots-beige-2\/","title":{"rendered":"Nancy Boots Beige"},"content":{"rendered":"","protected":false},"excerpt":{"rendered":"<p>Superfina boots med dragkedja p\u00e5 insidan. Normala i storlek.  Material \u00e4r fuskmocka, 7 cm klack. Sk\u00f6na att g\u00e5 i. Ligger du mellan tv\u00e5 storlekar kan du ta den mindre storlek. Lite rymliga i storlek men inte s\u00e5 du ska g\u00e5 ner en storlek. Passar upp till vadomkrets p\u00e5 42cm. <\/p>","protected":false},"featured_media":526903,"comment_status":"open","ping_status":"closed","template":"","meta":{"_acf_changed":false},"product_brand":[],"product_cat":[1148,1139],"product_tag":[],"class_list":{"0":"post-564642","1":"product","2":"type-product","3":"status-publish","4":"has-post-thumbnail","6":"product_cat-boots","7":"product_cat-skor","9":"first","10":"instock","11":"taxable","12":"shipping-taxable","13":"purchasable","14":"product-type-variable"},"acf":[],"gallery_images":[],"_links":{"self":[{"href":"https:\/\/loveforever.se\/en\/wp-json\/wp\/v2\/product\/564642","targetHints":{"allow":["GET"]}}],"collection":[{"href":"https:\/\/loveforever.se\/en\/wp-json\/wp\/v2\/product"}],"about":[{"href":"https:\/\/loveforever.se\/en\/wp-json\/wp\/v2\/types\/product"}],"replies":[{"embeddable":true,"href":"https:\/\/loveforever.se\/en\/wp-json\/wp\/v2\/comments?post=564642"}],"wp:featuredmedia":[{"embeddable":true,"href":"https:\/\/loveforever.se\/en\/wp-json\/wp\/v2\/media\/526903"}],"wp:attachment":[{"href":"https:\/\/loveforever.se\/en\/wp-json\/wp\/v2\/media?parent=564642"}],"wp:term":[{"taxonomy":"product_brand","embeddable":true,"href":"https:\/\/loveforever.se\/en\/wp-json\/wp\/v2\/product_brand?post=564642"},{"taxonomy":"product_cat","embeddable":true,"href":"https:\/\/loveforever.se\/en\/wp-json\/wp\/v2\/product_cat?post=564642"},{"taxonomy":"product_tag","embeddable":true,"href":"https:\/\/loveforever.se\/en\/wp-json\/wp\/v2\/product_tag?post=564642"}],"curies":[{"name":"wp","href":"https:\/\/api.w.org\/{rel}","templated":true}]}}