{"id":564684,"date":"2025-08-27T15:15:16","date_gmt":"2025-08-27T13:15:16","guid":{"rendered":"https:\/\/loveforever.se\/?post_type=product&#038;p=564684"},"modified":"2026-05-01T23:31:44","modified_gmt":"2026-05-01T21:31:44","slug":"catrin-crop-jeans-mork-mocka","status":"publish","type":"product","link":"https:\/\/loveforever.se\/en\/produkt\/catrin-crop-jeans-mork-mocka\/","title":{"rendered":"Catrin Crop Jeans M\u00f6rk Mocka Folyrose"},"content":{"rendered":"","protected":false},"excerpt":{"rendered":"<p>Samma favoritjeans \u2013 nu i djup mockaf\u00e4rg f\u00f6r h\u00f6sten<\/p>\n<p>Nu \u00e4r v\u00e5ra mest omtyckta jeans h\u00e4r i en ny, m\u00f6rk mockaf\u00e4rgad ton \u2013 en djup, varm brun nyans som passar perfekt till h\u00f6stens palett. Modellen \u00e4r densamma du redan \u00e4lskar: stretchigt tyg, normal midja, croppad l\u00e4ngd med r\u00e5 kant och 70-talsinspirerade fickor fram.<\/p>\n<p>Den croppade silhuetten g\u00f6r dem perfekta att styla med boots, k\u00e4ngor eller sneakers, och den nya f\u00e4rgen \u00e4r enkel att matcha med b\u00e5de neutrala och f\u00e4rgstarka toppar.<\/p>\n<p>Modellen \u00e4r 170 cm och b\u00e4r storlek S. Jeansen \u00e4r normala i storlek.<\/p>\n<p>\u2714 Ny f\u00e4rg \u2013 djup mockaton f\u00f6r h\u00f6sten<br \/>\n\u2714 Stretchigt tyg &#038; normal midja \u2013 bekv\u00e4mt &#038; snyggt<br \/>\n\u2714 Croppad l\u00e4ngd med r\u00e5 kant \u2013 perfekt till boots<br \/>\n\u2714 70-talsinspirerade fickor fram \u2013 cool detalj<br \/>\n\u2714 Normal i storlek \u2013 v\u00e4lj din vanliga<br \/>\n\u2714 Modellinfo: 170 cm, storlek S<\/p>","protected":false},"featured_media":564693,"comment_status":"open","ping_status":"closed","template":"","meta":{"_acf_changed":false},"product_brand":[],"product_cat":[1181],"product_tag":[],"class_list":{"0":"post-564684","1":"product","2":"type-product","3":"status-publish","4":"has-post-thumbnail","6":"product_cat-fynda","8":"first","9":"instock","10":"sale","11":"taxable","12":"shipping-taxable","13":"purchasable","14":"product-type-variable"},"acf":[],"gallery_images":[564692,564691,564690],"_links":{"self":[{"href":"https:\/\/loveforever.se\/en\/wp-json\/wp\/v2\/product\/564684","targetHints":{"allow":["GET"]}}],"collection":[{"href":"https:\/\/loveforever.se\/en\/wp-json\/wp\/v2\/product"}],"about":[{"href":"https:\/\/loveforever.se\/en\/wp-json\/wp\/v2\/types\/product"}],"replies":[{"embeddable":true,"href":"https:\/\/loveforever.se\/en\/wp-json\/wp\/v2\/comments?post=564684"}],"wp:featuredmedia":[{"embeddable":true,"href":"https:\/\/loveforever.se\/en\/wp-json\/wp\/v2\/media\/564693"}],"wp:attachment":[{"href":"https:\/\/loveforever.se\/en\/wp-json\/wp\/v2\/media?parent=564684"}],"wp:term":[{"taxonomy":"product_brand","embeddable":true,"href":"https:\/\/loveforever.se\/en\/wp-json\/wp\/v2\/product_brand?post=564684"},{"taxonomy":"product_cat","embeddable":true,"href":"https:\/\/loveforever.se\/en\/wp-json\/wp\/v2\/product_cat?post=564684"},{"taxonomy":"product_tag","embeddable":true,"href":"https:\/\/loveforever.se\/en\/wp-json\/wp\/v2\/product_tag?post=564684"}],"curies":[{"name":"wp","href":"https:\/\/api.w.org\/{rel}","templated":true}]}}