{"id":565095,"date":"2025-09-06T11:32:00","date_gmt":"2025-09-06T09:32:00","guid":{"rendered":"https:\/\/loveforever.se\/?post_type=product&#038;p=565095"},"modified":"2026-04-27T11:27:14","modified_gmt":"2026-04-27T09:27:14","slug":"misslivings-favorit-lip-oil-rosa","status":"publish","type":"product","link":"https:\/\/loveforever.se\/en\/produkt\/misslivings-favorit-lip-oil-rosa\/","title":{"rendered":"Misslivings Favorit Lip Oil Rosa"},"content":{"rendered":"","protected":false},"excerpt":{"rendered":"<p>\u2728 Underbar v\u00e4lg\u00f6rande l\u00e4ppolja, som b\u00e5de luktar och smakar gott\ud83d\udc84 svag rosa f\u00e4rg p\u00e5 l\u00e4pparn. <\/p>","protected":false},"featured_media":565089,"comment_status":"closed","ping_status":"closed","template":"","meta":{"_acf_changed":false},"product_brand":[],"product_cat":[1133,1180],"product_tag":[],"class_list":{"0":"post-565095","1":"product","2":"type-product","3":"status-publish","4":"has-post-thumbnail","6":"product_cat-accessoarer","7":"product_cat-skonhet","9":"first","10":"instock","11":"taxable","12":"shipping-taxable","13":"purchasable","14":"product-type-simple"},"acf":[],"gallery_images":[565090],"_links":{"self":[{"href":"https:\/\/loveforever.se\/en\/wp-json\/wp\/v2\/product\/565095","targetHints":{"allow":["GET"]}}],"collection":[{"href":"https:\/\/loveforever.se\/en\/wp-json\/wp\/v2\/product"}],"about":[{"href":"https:\/\/loveforever.se\/en\/wp-json\/wp\/v2\/types\/product"}],"replies":[{"embeddable":true,"href":"https:\/\/loveforever.se\/en\/wp-json\/wp\/v2\/comments?post=565095"}],"wp:featuredmedia":[{"embeddable":true,"href":"https:\/\/loveforever.se\/en\/wp-json\/wp\/v2\/media\/565089"}],"wp:attachment":[{"href":"https:\/\/loveforever.se\/en\/wp-json\/wp\/v2\/media?parent=565095"}],"wp:term":[{"taxonomy":"product_brand","embeddable":true,"href":"https:\/\/loveforever.se\/en\/wp-json\/wp\/v2\/product_brand?post=565095"},{"taxonomy":"product_cat","embeddable":true,"href":"https:\/\/loveforever.se\/en\/wp-json\/wp\/v2\/product_cat?post=565095"},{"taxonomy":"product_tag","embeddable":true,"href":"https:\/\/loveforever.se\/en\/wp-json\/wp\/v2\/product_tag?post=565095"}],"curies":[{"name":"wp","href":"https:\/\/api.w.org\/{rel}","templated":true}]}}