{"id":565103,"date":"2025-09-06T12:04:48","date_gmt":"2025-09-06T10:04:48","guid":{"rendered":"https:\/\/loveforever.se\/?post_type=product&#038;p=565103"},"modified":"2026-04-20T00:49:34","modified_gmt":"2026-04-19T22:49:34","slug":"kissable-serum","status":"publish","type":"product","link":"https:\/\/loveforever.se\/en\/produkt\/kissable-serum\/","title":{"rendered":"Kissable L\u00e4pp Serum"},"content":{"rendered":"","protected":false},"excerpt":{"rendered":"<p>Helt underbart l\u00e4ppserum som ger l\u00e4pparna en svag rosa ton, inneh\u00e5ller n\u00e4rings\u00e4mnen som avocado-olja, k\u00f6rsb\u00e4rsfr\u00f6nolja, solrosolja. Ger l\u00e4pparna en liten plump k\u00e4nsla och mjuka. <\/p>","protected":false},"featured_media":565105,"comment_status":"open","ping_status":"closed","template":"","meta":{"_acf_changed":false},"product_brand":[],"product_cat":[1133,1180],"product_tag":[],"class_list":{"0":"post-565103","1":"product","2":"type-product","3":"status-publish","4":"has-post-thumbnail","6":"product_cat-accessoarer","7":"product_cat-skonhet","9":"first","10":"instock","11":"taxable","12":"shipping-taxable","13":"purchasable","14":"product-type-simple"},"acf":[],"gallery_images":[565106],"_links":{"self":[{"href":"https:\/\/loveforever.se\/en\/wp-json\/wp\/v2\/product\/565103","targetHints":{"allow":["GET"]}}],"collection":[{"href":"https:\/\/loveforever.se\/en\/wp-json\/wp\/v2\/product"}],"about":[{"href":"https:\/\/loveforever.se\/en\/wp-json\/wp\/v2\/types\/product"}],"replies":[{"embeddable":true,"href":"https:\/\/loveforever.se\/en\/wp-json\/wp\/v2\/comments?post=565103"}],"wp:featuredmedia":[{"embeddable":true,"href":"https:\/\/loveforever.se\/en\/wp-json\/wp\/v2\/media\/565105"}],"wp:attachment":[{"href":"https:\/\/loveforever.se\/en\/wp-json\/wp\/v2\/media?parent=565103"}],"wp:term":[{"taxonomy":"product_brand","embeddable":true,"href":"https:\/\/loveforever.se\/en\/wp-json\/wp\/v2\/product_brand?post=565103"},{"taxonomy":"product_cat","embeddable":true,"href":"https:\/\/loveforever.se\/en\/wp-json\/wp\/v2\/product_cat?post=565103"},{"taxonomy":"product_tag","embeddable":true,"href":"https:\/\/loveforever.se\/en\/wp-json\/wp\/v2\/product_tag?post=565103"}],"curies":[{"name":"wp","href":"https:\/\/api.w.org\/{rel}","templated":true}]}}