{"id":565268,"date":"2025-09-10T13:04:07","date_gmt":"2025-09-10T11:04:07","guid":{"rendered":"https:\/\/loveforever.se\/?post_type=product&#038;p=565268"},"modified":"2026-01-25T12:48:18","modified_gmt":"2026-01-25T11:48:18","slug":"frans-boots-svarta-westernboots-med-fransar-i-fuskmocka","status":"publish","type":"product","link":"https:\/\/loveforever.se\/en\/produkt\/frans-boots-svarta-westernboots-med-fransar-i-fuskmocka\/","title":{"rendered":"Frans Boots &#8211; svarta westernboots med fransar i fuskmocka"},"content":{"rendered":"","protected":false},"excerpt":{"rendered":"<p>Ge din outfit en riktig wow-faktor med dessa svarta st\u00f6vlar i fuskmocka \u2013 den ultimata mixen av trendig westernstil och boho lyx. De mjuka fransarna l\u00e4ngs utsidan skapar en supercool och levande look, perfekt f\u00f6r dig som vill sticka ut med en unik detalj.<\/p>\n<p>St\u00f6vlarna \u00e4r tillverkade i mjuk, lyxig fuskmocka och har dragkedja p\u00e5 insidan f\u00f6r enkel p\u00e5- och avtagning. Skaftet har en omkrets p\u00e5 39 cm upptill, men designen g\u00f6r att du kan l\u00e5ta dem hasa ner lite, vilket ger en avslappnad k\u00e4nsla och g\u00f6r att de \u00e4ven passar vader upp till drygt 40 cm.<\/p>\n<p>Matcha dem till kl\u00e4nning, kjol eller jeans \u2013 dessa boots \u00e4r lika snygga p\u00e5 festival som till vardags och kommer snabbt bli din nya favorit i garderoben. Trendiga, bekv\u00e4ma och helt oemotst\u00e5ndliga! Normala i storlek, dragkedja p\u00e5 insidan, bekv\u00e4m klackh\u00f6jd 7cm. <\/p>","protected":false},"featured_media":565266,"comment_status":"open","ping_status":"closed","template":"","meta":{"_acf_changed":false},"product_brand":[],"product_cat":[1148,1241,1139,1203],"product_tag":[],"class_list":{"0":"post-565268","1":"product","2":"type-product","3":"status-publish","4":"has-post-thumbnail","6":"product_cat-boots","7":"product_cat-rea-50","8":"product_cat-skor","9":"product_cat-rea","11":"first","12":"instock","13":"sale","14":"taxable","15":"shipping-taxable","16":"purchasable","17":"product-type-variable"},"acf":[],"gallery_images":[565265,565267],"_links":{"self":[{"href":"https:\/\/loveforever.se\/en\/wp-json\/wp\/v2\/product\/565268","targetHints":{"allow":["GET"]}}],"collection":[{"href":"https:\/\/loveforever.se\/en\/wp-json\/wp\/v2\/product"}],"about":[{"href":"https:\/\/loveforever.se\/en\/wp-json\/wp\/v2\/types\/product"}],"replies":[{"embeddable":true,"href":"https:\/\/loveforever.se\/en\/wp-json\/wp\/v2\/comments?post=565268"}],"wp:featuredmedia":[{"embeddable":true,"href":"https:\/\/loveforever.se\/en\/wp-json\/wp\/v2\/media\/565266"}],"wp:attachment":[{"href":"https:\/\/loveforever.se\/en\/wp-json\/wp\/v2\/media?parent=565268"}],"wp:term":[{"taxonomy":"product_brand","embeddable":true,"href":"https:\/\/loveforever.se\/en\/wp-json\/wp\/v2\/product_brand?post=565268"},{"taxonomy":"product_cat","embeddable":true,"href":"https:\/\/loveforever.se\/en\/wp-json\/wp\/v2\/product_cat?post=565268"},{"taxonomy":"product_tag","embeddable":true,"href":"https:\/\/loveforever.se\/en\/wp-json\/wp\/v2\/product_tag?post=565268"}],"curies":[{"name":"wp","href":"https:\/\/api.w.org\/{rel}","templated":true}]}}