{"id":565726,"date":"2025-09-26T08:20:54","date_gmt":"2025-09-26T06:20:54","guid":{"rendered":"https:\/\/loveforever.se\/?post_type=product&#038;p=565726"},"modified":"2026-05-01T14:46:40","modified_gmt":"2026-05-01T12:46:40","slug":"julia-viskostunika-kort-klanning-wine","status":"publish","type":"product","link":"https:\/\/loveforever.se\/en\/produkt\/julia-viskostunika-kort-klanning-wine\/","title":{"rendered":"Julia Viskostunika\/Kort Kl\u00e4nning Wine"},"content":{"rendered":"","protected":false},"excerpt":{"rendered":"<p>Superfin tunika i 100% mjuk viskos \u2013 ett m\u00e5ste f\u00f6r dig som \u00e4lskar bohemisk elegans! Anv\u00e4nd den som en kort kl\u00e4nning f\u00f6r en romantisk look eller som tunika \u00f6ver jeans och leggings.<\/p>\n<p>Det trendiga bohemiska printet med vinr\u00f6d botten och rosa blommor g\u00f6r den extra lyxig och feminin. Tunikan har s\u00f6ta ballong\u00e4rmar med res\u00e5r, en snygg v-ringad hals och vackra volanger som ger en l\u00e4tt och elegant k\u00e4nsla.<\/p>\n<p>En trendig favorit som lyfter din outfit \u00e5ret runt!<\/p>\n<p>M\u00e5tt: t\u00e4nk p\u00e5 att det alltid kan skilja upp till 1,5cm<br \/>\nXS-S armh\u00e5la-armh\u00e5la (eller lite l\u00e4ngre ner \u00e4n armh\u00e5la, s\u00e5 45cm, l\u00e4ngd 80cm<br \/>\nS-M armh\u00e5la-armh\u00e5la (eller lite l\u00e4ngre ner \u00e4n armh\u00e5la, s\u00e5 48cm, l\u00e4ngd 83,5cm (Pamela som har bystm\u00e5tt 105cm har S-M)<br \/>\nL-XL armh\u00e5la-armh\u00e5la (eller lite l\u00e4ngre ner \u00e4n armh\u00e5la, s\u00e5 51cm, l\u00e4ngd 86cm, Jennie som har bystm\u00e5tt 115 har L-XL. <\/p>","protected":false},"featured_media":572662,"comment_status":"open","ping_status":"closed","template":"","meta":{"_acf_changed":false},"product_brand":[],"product_cat":[1138,1247,1241,1203],"product_tag":[],"class_list":{"0":"post-565726","1":"product","2":"type-product","3":"status-publish","4":"has-post-thumbnail","6":"product_cat-klanningar-tunikor","7":"product_cat-klanningar-rea","8":"product_cat-rea-50","9":"product_cat-rea","11":"first","12":"instock","13":"sale","14":"taxable","15":"shipping-taxable","16":"purchasable","17":"product-type-variable"},"acf":[],"gallery_images":[566460,566459,566457,566458],"_links":{"self":[{"href":"https:\/\/loveforever.se\/en\/wp-json\/wp\/v2\/product\/565726","targetHints":{"allow":["GET"]}}],"collection":[{"href":"https:\/\/loveforever.se\/en\/wp-json\/wp\/v2\/product"}],"about":[{"href":"https:\/\/loveforever.se\/en\/wp-json\/wp\/v2\/types\/product"}],"replies":[{"embeddable":true,"href":"https:\/\/loveforever.se\/en\/wp-json\/wp\/v2\/comments?post=565726"}],"wp:featuredmedia":[{"embeddable":true,"href":"https:\/\/loveforever.se\/en\/wp-json\/wp\/v2\/media\/572662"}],"wp:attachment":[{"href":"https:\/\/loveforever.se\/en\/wp-json\/wp\/v2\/media?parent=565726"}],"wp:term":[{"taxonomy":"product_brand","embeddable":true,"href":"https:\/\/loveforever.se\/en\/wp-json\/wp\/v2\/product_brand?post=565726"},{"taxonomy":"product_cat","embeddable":true,"href":"https:\/\/loveforever.se\/en\/wp-json\/wp\/v2\/product_cat?post=565726"},{"taxonomy":"product_tag","embeddable":true,"href":"https:\/\/loveforever.se\/en\/wp-json\/wp\/v2\/product_tag?post=565726"}],"curies":[{"name":"wp","href":"https:\/\/api.w.org\/{rel}","templated":true}]}}