{"id":565730,"date":"2025-09-26T08:30:11","date_gmt":"2025-09-26T06:30:11","guid":{"rendered":"https:\/\/loveforever.se\/?post_type=product&#038;p=565730"},"modified":"2026-05-04T14:29:38","modified_gmt":"2026-05-04T12:29:38","slug":"ida-bomullsblus-cerise-volangblus-i-bomullsvoile","status":"publish","type":"product","link":"https:\/\/loveforever.se\/en\/produkt\/ida-bomullsblus-cerise-volangblus-i-bomullsvoile\/","title":{"rendered":"Ida Bomullsblus Cerise &#8211; volangblus i bomullsvoile"},"content":{"rendered":"","protected":false},"excerpt":{"rendered":"<p>Denna magiskt vackra blus i 100% bomull \u00e4r b\u00e5de mjuk och bekv\u00e4m, tillverkad i en luftig bomullsvoile som bara blir finare och sk\u00f6nare ju mer du anv\u00e4nder den. Den cerise f\u00e4rgen ger ett fr\u00e4scht, livfullt och elegant uttryck som lyser upp din outfit.<\/p>\n<p>Vi \u00e4lskar naturmaterial som andas och h\u00e5ller dig sval och behaglig hela dagen. Den bohemiska designen g\u00f6r blusen otroligt m\u00e5ngsidig \u2013 styla den med jeans, jeansshorts, byxor eller kjol och skapa enkelt en look som passar b\u00e5de vardag och fest.<\/p>\n<p>En riktig dr\u00f6m att b\u00e4ra \u2013 en blus du kommer att \u00e4lska i garderoben \u00e5r efter \u00e5r!<\/p>\n<p>Material: 100% bomull<br \/>\n\ud83d\udccf M\u00e5tt<\/p>\n<p>(T\u00e4nk p\u00e5 att det alltid kan skilja upp till 1,5 cm)<\/p>\n<p>S-M: armh\u00e5la\u2013armh\u00e5la 57 cm, l\u00e4ngd 62 cm<\/p>\n<p>L-XL: armh\u00e5la\u2013armh\u00e5la 62 cm, l\u00e4ngd 66 cm<\/p>","protected":false},"featured_media":566164,"comment_status":"open","ping_status":"closed","template":"","meta":{"_acf_changed":false},"product_brand":[],"product_cat":[1251,1147,1240,1203],"product_tag":[],"class_list":{"0":"post-565730","1":"product","2":"type-product","3":"status-publish","4":"has-post-thumbnail","6":"product_cat-blusar-rea","7":"product_cat-toppar-blusar","8":"product_cat-rea-30","9":"product_cat-rea","11":"first","12":"instock","13":"sale","14":"taxable","15":"shipping-taxable","16":"purchasable","17":"product-type-variable"},"acf":[],"gallery_images":[566165],"_links":{"self":[{"href":"https:\/\/loveforever.se\/en\/wp-json\/wp\/v2\/product\/565730","targetHints":{"allow":["GET"]}}],"collection":[{"href":"https:\/\/loveforever.se\/en\/wp-json\/wp\/v2\/product"}],"about":[{"href":"https:\/\/loveforever.se\/en\/wp-json\/wp\/v2\/types\/product"}],"replies":[{"embeddable":true,"href":"https:\/\/loveforever.se\/en\/wp-json\/wp\/v2\/comments?post=565730"}],"wp:featuredmedia":[{"embeddable":true,"href":"https:\/\/loveforever.se\/en\/wp-json\/wp\/v2\/media\/566164"}],"wp:attachment":[{"href":"https:\/\/loveforever.se\/en\/wp-json\/wp\/v2\/media?parent=565730"}],"wp:term":[{"taxonomy":"product_brand","embeddable":true,"href":"https:\/\/loveforever.se\/en\/wp-json\/wp\/v2\/product_brand?post=565730"},{"taxonomy":"product_cat","embeddable":true,"href":"https:\/\/loveforever.se\/en\/wp-json\/wp\/v2\/product_cat?post=565730"},{"taxonomy":"product_tag","embeddable":true,"href":"https:\/\/loveforever.se\/en\/wp-json\/wp\/v2\/product_tag?post=565730"}],"curies":[{"name":"wp","href":"https:\/\/api.w.org\/{rel}","templated":true}]}}