{"id":565734,"date":"2025-09-26T08:35:55","date_gmt":"2025-09-26T06:35:55","guid":{"rendered":"https:\/\/loveforever.se\/?post_type=product&#038;p=565734"},"modified":"2026-04-12T09:23:51","modified_gmt":"2026-04-12T07:23:51","slug":"ida-bomullsblus-black-volangblus-i-bomullsvoile","status":"publish","type":"product","link":"https:\/\/loveforever.se\/en\/produkt\/ida-bomullsblus-black-volangblus-i-bomullsvoile\/","title":{"rendered":"Ida Cotton Blouse Black \u2013 cotton voile ruffle blouse"},"content":{"rendered":"","protected":false},"excerpt":{"rendered":"<p>Denna magiskt vackra blus i 100% bomull \u00e4r b\u00e5de mjuk och bekv\u00e4m, tillverkad i en luftig bomullsvoile som blir \u00e4nnu finare och mjukare ju mer du b\u00e4r den. Den svarta f\u00e4rgen ger en tidl\u00f6s och elegant k\u00e4nsla, perfekt f\u00f6r b\u00e5de vardag och fest.<\/p>\n<p>Vi \u00e4lskar naturmaterial som andas och h\u00e5ller dig sval och behaglig hela dagen. Den bohemiska designen g\u00f6r blusen otroligt m\u00e5ngsidig \u2013 styla den med jeans, jeansshorts, byxor eller kjol och skapa enkelt en look som passar alla tillf\u00e4llen.<\/p>\n<p>En riktig garderobsfavorit \u2013 en blus du kommer att \u00e4lska att b\u00e4ra om och om igen!<\/p>\n<p>Material: 100% bomull<\/p>\n<p>\ud83d\udccf M\u00e5tt<\/p>\n<p>(T\u00e4nk p\u00e5 att det alltid kan skilja upp till 1,5 cm)<\/p>\n<p>S-M: armh\u00e5la\u2013armh\u00e5la 57 cm, l\u00e4ngd 62 cm<\/p>\n<p>L-XL: armh\u00e5la\u2013armh\u00e5la 62 cm, l\u00e4ngd 66 cm<\/p>","protected":false},"featured_media":565779,"comment_status":"open","ping_status":"closed","template":"","meta":{"_acf_changed":false},"product_brand":[],"product_cat":[1251,1147,1240,1203],"product_tag":[],"class_list":{"0":"post-565734","1":"product","2":"type-product","3":"status-publish","4":"has-post-thumbnail","6":"product_cat-blusar-rea","7":"product_cat-toppar-blusar","8":"product_cat-rea-30","9":"product_cat-rea","11":"first","12":"instock","13":"sale","14":"taxable","15":"shipping-taxable","16":"purchasable","17":"product-type-variable"},"acf":[],"gallery_images":[],"_links":{"self":[{"href":"https:\/\/loveforever.se\/en\/wp-json\/wp\/v2\/product\/565734","targetHints":{"allow":["GET"]}}],"collection":[{"href":"https:\/\/loveforever.se\/en\/wp-json\/wp\/v2\/product"}],"about":[{"href":"https:\/\/loveforever.se\/en\/wp-json\/wp\/v2\/types\/product"}],"replies":[{"embeddable":true,"href":"https:\/\/loveforever.se\/en\/wp-json\/wp\/v2\/comments?post=565734"}],"wp:featuredmedia":[{"embeddable":true,"href":"https:\/\/loveforever.se\/en\/wp-json\/wp\/v2\/media\/565779"}],"wp:attachment":[{"href":"https:\/\/loveforever.se\/en\/wp-json\/wp\/v2\/media?parent=565734"}],"wp:term":[{"taxonomy":"product_brand","embeddable":true,"href":"https:\/\/loveforever.se\/en\/wp-json\/wp\/v2\/product_brand?post=565734"},{"taxonomy":"product_cat","embeddable":true,"href":"https:\/\/loveforever.se\/en\/wp-json\/wp\/v2\/product_cat?post=565734"},{"taxonomy":"product_tag","embeddable":true,"href":"https:\/\/loveforever.se\/en\/wp-json\/wp\/v2\/product_tag?post=565734"}],"curies":[{"name":"wp","href":"https:\/\/api.w.org\/{rel}","templated":true}]}}