{"id":565749,"date":"2025-09-26T08:50:01","date_gmt":"2025-09-26T06:50:01","guid":{"rendered":"https:\/\/loveforever.se\/?post_type=product&#038;p=565749"},"modified":"2026-04-09T19:31:20","modified_gmt":"2026-04-09T17:31:20","slug":"maya-bomullsblus-gra","status":"publish","type":"product","link":"https:\/\/loveforever.se\/en\/produkt\/maya-bomullsblus-gra\/","title":{"rendered":"Maya Bomullsblus Gr\u00e5 &#8211; FYNDA"},"content":{"rendered":"","protected":false},"excerpt":{"rendered":"<p>Romantisk och bohochic blus i 100% mjuk bomull! Gr\u00e5 med subtila prickar och knytband i halsen \u2013 b\u00e4r den klassiskt p\u00e5 axlarna eller som singoalla-blus f\u00f6r en avslappnad och elegant look.<\/p>\n<p>Luftigt och mjukt tyg som andas och k\u00e4nns behagligt hela dagen. Perfekt att kombinera med jeans, kjol eller byxor, till vardag eller fest.<\/p>\n<p>\ud83d\udccf M\u00e5tt<\/p>\n<p>(T\u00e4nk p\u00e5 att det alltid kan skilja upp till 1,5 cm)<\/p>\n<p>S-M: armh\u00e5la\u2013armh\u00e5la 57 cm, l\u00e4ngd 64 cm<\/p>\n<p>L-XL: armh\u00e5la\u2013armh\u00e5la 62 cm, l\u00e4ngd 67 cm<\/p>","protected":false},"featured_media":566562,"comment_status":"open","ping_status":"closed","template":"","meta":{"_acf_changed":false},"product_brand":[],"product_cat":[1181],"product_tag":[],"class_list":{"0":"post-565749","1":"product","2":"type-product","3":"status-publish","4":"has-post-thumbnail","6":"product_cat-fynda","8":"first","9":"instock","10":"sale","11":"taxable","12":"shipping-taxable","13":"purchasable","14":"product-type-variable"},"acf":[],"gallery_images":[566564,565776],"_links":{"self":[{"href":"https:\/\/loveforever.se\/en\/wp-json\/wp\/v2\/product\/565749","targetHints":{"allow":["GET"]}}],"collection":[{"href":"https:\/\/loveforever.se\/en\/wp-json\/wp\/v2\/product"}],"about":[{"href":"https:\/\/loveforever.se\/en\/wp-json\/wp\/v2\/types\/product"}],"replies":[{"embeddable":true,"href":"https:\/\/loveforever.se\/en\/wp-json\/wp\/v2\/comments?post=565749"}],"wp:featuredmedia":[{"embeddable":true,"href":"https:\/\/loveforever.se\/en\/wp-json\/wp\/v2\/media\/566562"}],"wp:attachment":[{"href":"https:\/\/loveforever.se\/en\/wp-json\/wp\/v2\/media?parent=565749"}],"wp:term":[{"taxonomy":"product_brand","embeddable":true,"href":"https:\/\/loveforever.se\/en\/wp-json\/wp\/v2\/product_brand?post=565749"},{"taxonomy":"product_cat","embeddable":true,"href":"https:\/\/loveforever.se\/en\/wp-json\/wp\/v2\/product_cat?post=565749"},{"taxonomy":"product_tag","embeddable":true,"href":"https:\/\/loveforever.se\/en\/wp-json\/wp\/v2\/product_tag?post=565749"}],"curies":[{"name":"wp","href":"https:\/\/api.w.org\/{rel}","templated":true}]}}