{"id":566087,"date":"2025-10-09T13:32:08","date_gmt":"2025-10-09T11:32:08","guid":{"rendered":"https:\/\/loveforever.se\/?post_type=product&#038;p=566087"},"modified":"2026-04-12T18:01:00","modified_gmt":"2026-04-12T16:01:00","slug":"erica-bomullsblus-creme","status":"publish","type":"product","link":"https:\/\/loveforever.se\/en\/produkt\/erica-bomullsblus-creme\/","title":{"rendered":"Erica Cotton Blouse Cream"},"content":{"rendered":"","protected":false},"excerpt":{"rendered":"<p>Helt magiskt fin blus i cremef\u00e4rg i 100% mjuk bomullsvoile \u2013 en dr\u00f6m f\u00f6r den bohemiska och romantiska garderoben! \u2728<br \/>\nBlusen har vacker spets som ett ok kring axlarna och l\u00e4ngs \u00e4rmarna, tillsammans med romantiska volanger som ger en luftig och feminin k\u00e4nsla.<\/p>\n<p>Den smarta designen g\u00f6r att du kan b\u00e4ra den bakofram f\u00f6r rund halsringning framtill, och med res\u00e5r vid \u00e4rmsluten kan du dra upp \u00e4rmarna och skapa olika stilar. Modellen \u00e4r avslappnad, bohemisk och sk\u00f6n med en One Size som passar XS-XL.<\/p>\n<p>Perfekt att styla med vida jeans, skinnleggings eller jeansshorts f\u00f6r en avslappnad men chic look.<\/p>","protected":false},"featured_media":566155,"comment_status":"open","ping_status":"closed","template":"","meta":{"_acf_changed":false},"product_brand":[],"product_cat":[1147],"product_tag":[],"class_list":{"0":"post-566087","1":"product","2":"type-product","3":"status-publish","4":"has-post-thumbnail","6":"product_cat-toppar-blusar","8":"first","9":"instock","10":"taxable","11":"shipping-taxable","12":"purchasable","13":"product-type-simple"},"acf":[],"gallery_images":[566177,566154,566153],"_links":{"self":[{"href":"https:\/\/loveforever.se\/en\/wp-json\/wp\/v2\/product\/566087","targetHints":{"allow":["GET"]}}],"collection":[{"href":"https:\/\/loveforever.se\/en\/wp-json\/wp\/v2\/product"}],"about":[{"href":"https:\/\/loveforever.se\/en\/wp-json\/wp\/v2\/types\/product"}],"replies":[{"embeddable":true,"href":"https:\/\/loveforever.se\/en\/wp-json\/wp\/v2\/comments?post=566087"}],"wp:featuredmedia":[{"embeddable":true,"href":"https:\/\/loveforever.se\/en\/wp-json\/wp\/v2\/media\/566155"}],"wp:attachment":[{"href":"https:\/\/loveforever.se\/en\/wp-json\/wp\/v2\/media?parent=566087"}],"wp:term":[{"taxonomy":"product_brand","embeddable":true,"href":"https:\/\/loveforever.se\/en\/wp-json\/wp\/v2\/product_brand?post=566087"},{"taxonomy":"product_cat","embeddable":true,"href":"https:\/\/loveforever.se\/en\/wp-json\/wp\/v2\/product_cat?post=566087"},{"taxonomy":"product_tag","embeddable":true,"href":"https:\/\/loveforever.se\/en\/wp-json\/wp\/v2\/product_tag?post=566087"}],"curies":[{"name":"wp","href":"https:\/\/api.w.org\/{rel}","templated":true}]}}