{"id":566193,"date":"2025-10-11T18:07:18","date_gmt":"2025-10-11T16:07:18","guid":{"rendered":"https:\/\/loveforever.se\/?post_type=product&#038;p=566193"},"modified":"2026-04-11T09:59:18","modified_gmt":"2026-04-11T07:59:18","slug":"lyxig-lang-kofta-i-80-kid-mohair-med-strassknappar-rosa","status":"publish","type":"product","link":"https:\/\/loveforever.se\/en\/produkt\/lyxig-lang-kofta-i-80-kid-mohair-med-strassknappar-rosa\/","title":{"rendered":"Luxurious Long Cardigan in 80% kid mohair, with rhinestone buttons \u2013 available in many colors"},"content":{"rendered":"","protected":false},"excerpt":{"rendered":"<p>Superlyxig l\u00e5ng kofta i 80% kid mohair \u2013 en tidl\u00f6s favorit i  b\u00e5de k\u00e4nns och ser fantastiskt lyxig ut. \u2728 Underbara f\u00e4rger dessutom!<br \/>\nKoftan har praktiska fickor och tv\u00e5 dekorativa knappar med glittrande stenar som ger en elegant och feminin finish.<\/p>\n<p>Den \u00e4r 113 cm l\u00e5ng n\u00e4r den h\u00e4nger p\u00e5 galge, vilket ger ett vackert, svepande fall. Perfekt \u00e5ret runt \u2013 styla med jeans, skinnbyxor eller kjol, eller \u00f6ver jeansshorts under sommaren f\u00f6r en avslappnad men lyxig look.<\/p>\n<p>One Size, passar XS\u2013XL tack vare den f\u00f6ljsamma passformen.<\/p>\n<p>Material: 80% kid mohair, 18% polyamid, 2% elastan<\/p>","protected":false},"featured_media":566179,"comment_status":"open","ping_status":"closed","template":"","meta":{"_acf_changed":false},"product_brand":[],"product_cat":[1162],"product_tag":[],"class_list":{"0":"post-566193","1":"product","2":"type-product","3":"status-publish","4":"has-post-thumbnail","6":"product_cat-stickat","8":"first","9":"instock","10":"sale","11":"taxable","12":"shipping-taxable","13":"purchasable","14":"product-type-variable"},"acf":[],"gallery_images":[566168,566181,566173,566169,566170,566171],"_links":{"self":[{"href":"https:\/\/loveforever.se\/en\/wp-json\/wp\/v2\/product\/566193","targetHints":{"allow":["GET"]}}],"collection":[{"href":"https:\/\/loveforever.se\/en\/wp-json\/wp\/v2\/product"}],"about":[{"href":"https:\/\/loveforever.se\/en\/wp-json\/wp\/v2\/types\/product"}],"replies":[{"embeddable":true,"href":"https:\/\/loveforever.se\/en\/wp-json\/wp\/v2\/comments?post=566193"}],"wp:featuredmedia":[{"embeddable":true,"href":"https:\/\/loveforever.se\/en\/wp-json\/wp\/v2\/media\/566179"}],"wp:attachment":[{"href":"https:\/\/loveforever.se\/en\/wp-json\/wp\/v2\/media?parent=566193"}],"wp:term":[{"taxonomy":"product_brand","embeddable":true,"href":"https:\/\/loveforever.se\/en\/wp-json\/wp\/v2\/product_brand?post=566193"},{"taxonomy":"product_cat","embeddable":true,"href":"https:\/\/loveforever.se\/en\/wp-json\/wp\/v2\/product_cat?post=566193"},{"taxonomy":"product_tag","embeddable":true,"href":"https:\/\/loveforever.se\/en\/wp-json\/wp\/v2\/product_tag?post=566193"}],"curies":[{"name":"wp","href":"https:\/\/api.w.org\/{rel}","templated":true}]}}