{"id":566408,"date":"2025-10-22T11:31:17","date_gmt":"2025-10-22T09:31:17","guid":{"rendered":"https:\/\/loveforever.se\/?post_type=product&#038;p=566408"},"modified":"2026-05-05T20:49:51","modified_gmt":"2026-05-05T18:49:51","slug":"gretchen-gra-stretchjeans-med-sytt-pressveck","status":"publish","type":"product","link":"https:\/\/loveforever.se\/en\/produkt\/gretchen-gra-stretchjeans-med-sytt-pressveck\/","title":{"rendered":"Gretchen Gr\u00e5 Stretchjeans med sytt pressveck Folyrose"},"content":{"rendered":"","protected":false},"excerpt":{"rendered":"<p>rendiga stretchjeans i snyggt gr\u00e5tv\u00e4ttad denim \u2013 den perfekta kombinationen av stil och komfort!<br \/>\nDe har en sk\u00f6n, f\u00f6ljsam midja som sitter bekv\u00e4mt vid naveln och en smickrande passform som formar benen utan att sitta \u00e5t. De sydda pressvecken framtill ger en elegant, uppkl\u00e4dd look, medan det breda uppl\u00e4gget nertill ger jeansen en modern och trendig silhuett.<\/p>\n<p>Lika snygga till stickade tr\u00f6jor och t-shirts som till blusar och kavaj \u2013 dessa jeans blir snabbt en favorit i garderoben \u00e5ret runt.<br \/>\nNormala i storlek. Modellen \u00e4r 172 cm och b\u00e4r storlek XS.<\/p>\n<p>\u2714 Stretchig och bekv\u00e4m passform<br \/>\n\u2714 Snyggt gr\u00e5tv\u00e4ttad f\u00e4rg<br \/>\n\u2714 Sydda pressveck fram<br \/>\n\u2714 Brett uppl\u00e4gg nedtill<br \/>\n\u2714 Normal i storlek<\/p>\n<p>Perfekta vardagsjeans som lyfter varje outfit \u2013 fr\u00e5n avslappnat till chic!<\/p>","protected":false},"featured_media":566417,"comment_status":"open","ping_status":"closed","template":"","meta":{"_acf_changed":false},"product_brand":[],"product_cat":[1145,1146,1241,1268,1222,1203,1218],"product_tag":[],"class_list":{"0":"post-566408","1":"product","2":"type-product","3":"status-publish","4":"has-post-thumbnail","6":"product_cat-denim","7":"product_cat-nederdelar","8":"product_cat-rea-50","9":"product_cat-readenim","10":"product_cat-stretch-jeans-dam","11":"product_cat-rea","12":"product_cat-utsvangda-jeans-dam","14":"first","15":"instock","16":"sale","17":"taxable","18":"shipping-taxable","19":"purchasable","20":"product-type-variable"},"acf":[],"gallery_images":[566416,566415,566414],"_links":{"self":[{"href":"https:\/\/loveforever.se\/en\/wp-json\/wp\/v2\/product\/566408","targetHints":{"allow":["GET"]}}],"collection":[{"href":"https:\/\/loveforever.se\/en\/wp-json\/wp\/v2\/product"}],"about":[{"href":"https:\/\/loveforever.se\/en\/wp-json\/wp\/v2\/types\/product"}],"replies":[{"embeddable":true,"href":"https:\/\/loveforever.se\/en\/wp-json\/wp\/v2\/comments?post=566408"}],"wp:featuredmedia":[{"embeddable":true,"href":"https:\/\/loveforever.se\/en\/wp-json\/wp\/v2\/media\/566417"}],"wp:attachment":[{"href":"https:\/\/loveforever.se\/en\/wp-json\/wp\/v2\/media?parent=566408"}],"wp:term":[{"taxonomy":"product_brand","embeddable":true,"href":"https:\/\/loveforever.se\/en\/wp-json\/wp\/v2\/product_brand?post=566408"},{"taxonomy":"product_cat","embeddable":true,"href":"https:\/\/loveforever.se\/en\/wp-json\/wp\/v2\/product_cat?post=566408"},{"taxonomy":"product_tag","embeddable":true,"href":"https:\/\/loveforever.se\/en\/wp-json\/wp\/v2\/product_tag?post=566408"}],"curies":[{"name":"wp","href":"https:\/\/api.w.org\/{rel}","templated":true}]}}