{"id":566418,"date":"2025-10-22T11:49:25","date_gmt":"2025-10-22T09:49:25","guid":{"rendered":"https:\/\/loveforever.se\/?post_type=product&#038;p=566418"},"modified":"2026-03-30T13:48:59","modified_gmt":"2026-03-30T11:48:59","slug":"avery-alpacka-kofta-rosa-med-volanger","status":"publish","type":"product","link":"https:\/\/loveforever.se\/en\/produkt\/avery-alpacka-kofta-rosa-med-volanger\/","title":{"rendered":"Avery Alpaca Cardigan Pink with Ruffles"},"content":{"rendered":"","protected":false},"excerpt":{"rendered":"<p>Magiskt fin kofta i den mjukaste alpacka-mixen \u2013 en dr\u00f6m i rosa! \ud83d\udc95<br \/>\nDen h\u00e4r underbara koftan \u00e4r lika gosig som den \u00e4r s\u00f6t, med vackra volanger vid \u00e4rmslut och nederkant. Den mjuka alpackablandningen ger en lyxig k\u00e4nsla och perfekt komfort \u2013 b\u00e4r den \u00e5ret om!<\/p>\n<p>Matcha med leggings, jeans eller svarta byxor under de kallare m\u00e5naderna, och till sommarkl\u00e4nning, kjol eller shorts n\u00e4r det blir varmare.<br \/>\nEtt nyckelplagg som ger din outfit en feminin och exklusiv touch \u2013 oavsett s\u00e4song.<\/p>\n<p>\u2714 Mjukaste alpacka-mix<br \/>\n\u2714 F\u00e4rg: H\u00e4rlig rosa<br \/>\n\u2714 One size \u2013 passar S-L b\u00e4st<br \/>\n\u2714 Volanger vid \u00e4rmslut och nederkant<br \/>\n\u2714 Lika fin till vardag som fest<\/p>\n<p>Material: 15 % baby alpaca, 10 % ull, 50 % akryl, 23 % polyamid, 2 % elastan<\/p>","protected":false},"featured_media":566320,"comment_status":"open","ping_status":"closed","template":"","meta":{"_acf_changed":false},"product_brand":[],"product_cat":[1162],"product_tag":[],"class_list":{"0":"post-566418","1":"product","2":"type-product","3":"status-publish","4":"has-post-thumbnail","6":"product_cat-stickat","8":"first","9":"instock","10":"taxable","11":"shipping-taxable","12":"purchasable","13":"product-type-simple"},"acf":[],"gallery_images":[566323,566322,566321],"_links":{"self":[{"href":"https:\/\/loveforever.se\/en\/wp-json\/wp\/v2\/product\/566418","targetHints":{"allow":["GET"]}}],"collection":[{"href":"https:\/\/loveforever.se\/en\/wp-json\/wp\/v2\/product"}],"about":[{"href":"https:\/\/loveforever.se\/en\/wp-json\/wp\/v2\/types\/product"}],"replies":[{"embeddable":true,"href":"https:\/\/loveforever.se\/en\/wp-json\/wp\/v2\/comments?post=566418"}],"wp:featuredmedia":[{"embeddable":true,"href":"https:\/\/loveforever.se\/en\/wp-json\/wp\/v2\/media\/566320"}],"wp:attachment":[{"href":"https:\/\/loveforever.se\/en\/wp-json\/wp\/v2\/media?parent=566418"}],"wp:term":[{"taxonomy":"product_brand","embeddable":true,"href":"https:\/\/loveforever.se\/en\/wp-json\/wp\/v2\/product_brand?post=566418"},{"taxonomy":"product_cat","embeddable":true,"href":"https:\/\/loveforever.se\/en\/wp-json\/wp\/v2\/product_cat?post=566418"},{"taxonomy":"product_tag","embeddable":true,"href":"https:\/\/loveforever.se\/en\/wp-json\/wp\/v2\/product_tag?post=566418"}],"curies":[{"name":"wp","href":"https:\/\/api.w.org\/{rel}","templated":true}]}}