{"id":566623,"date":"2025-10-29T00:31:23","date_gmt":"2025-10-28T23:31:23","guid":{"rendered":"https:\/\/loveforever.se\/?post_type=product&#038;p=566623"},"modified":"2026-04-27T15:11:21","modified_gmt":"2026-04-27T13:11:21","slug":"avery-alpacka-kofta-choco-med-volanger","status":"publish","type":"product","link":"https:\/\/loveforever.se\/en\/produkt\/avery-alpacka-kofta-choco-med-volanger\/","title":{"rendered":"Avery Alpaca Cardigan Chocolate with Ruffles"},"content":{"rendered":"","protected":false},"excerpt":{"rendered":"<p>Magiskt fin kofta i den mjukaste alpacka-mixen \u2013 en dr\u00f6m i trendig chokladbrun! \ud83e\udd0e<br \/>\nDen h\u00e4r underbara koftan \u00e4r lika gosig som den \u00e4r elegant, med vackra volanger vid \u00e4rmslut och nederkant. Den mjuka alpackablandningen ger en lyxig k\u00e4nsla och perfekt komfort \u2013 b\u00e4r den \u00e5ret om!<\/p>\n<p>Matcha med jeans, kjol eller \u00f6ver kl\u00e4nning \u2013 lika fin till vardag, fest eller kontor. Den varma chokladbruna f\u00e4rgen ger en sofistikerad och trendig look som passar alla s\u00e4songer.<br \/>\nEtt nyckelplagg som ger din outfit en feminin, exklusiv och chic touch!<\/p>\n<p>\u2714 Mjukaste alpacka-mix<br \/>\n\u2714 F\u00e4rg: Trendig chokladbrun<br \/>\n\u2714 One size \u2013 passar S-L b\u00e4st<br \/>\n\u2714 Volanger vid \u00e4rmslut och nederkant<br \/>\n\u2714 Lika fin till vardag som fest<\/p>\n<p>Material: 15 % baby alpaca, 10 % ull, 50 % akryl, 23 % polyamid, 2 % elastan<\/p>","protected":false},"featured_media":566603,"comment_status":"open","ping_status":"closed","template":"","meta":{"_acf_changed":false},"product_brand":[],"product_cat":[1241,1162,1203],"product_tag":[],"class_list":{"0":"post-566623","1":"product","2":"type-product","3":"status-publish","4":"has-post-thumbnail","6":"product_cat-rea-50","7":"product_cat-stickat","8":"product_cat-rea","10":"first","11":"instock","12":"sale","13":"taxable","14":"shipping-taxable","15":"purchasable","16":"product-type-simple"},"acf":[],"gallery_images":[566605,566604,566602],"_links":{"self":[{"href":"https:\/\/loveforever.se\/en\/wp-json\/wp\/v2\/product\/566623","targetHints":{"allow":["GET"]}}],"collection":[{"href":"https:\/\/loveforever.se\/en\/wp-json\/wp\/v2\/product"}],"about":[{"href":"https:\/\/loveforever.se\/en\/wp-json\/wp\/v2\/types\/product"}],"replies":[{"embeddable":true,"href":"https:\/\/loveforever.se\/en\/wp-json\/wp\/v2\/comments?post=566623"}],"wp:featuredmedia":[{"embeddable":true,"href":"https:\/\/loveforever.se\/en\/wp-json\/wp\/v2\/media\/566603"}],"wp:attachment":[{"href":"https:\/\/loveforever.se\/en\/wp-json\/wp\/v2\/media?parent=566623"}],"wp:term":[{"taxonomy":"product_brand","embeddable":true,"href":"https:\/\/loveforever.se\/en\/wp-json\/wp\/v2\/product_brand?post=566623"},{"taxonomy":"product_cat","embeddable":true,"href":"https:\/\/loveforever.se\/en\/wp-json\/wp\/v2\/product_cat?post=566623"},{"taxonomy":"product_tag","embeddable":true,"href":"https:\/\/loveforever.se\/en\/wp-json\/wp\/v2\/product_tag?post=566623"}],"curies":[{"name":"wp","href":"https:\/\/api.w.org\/{rel}","templated":true}]}}