{"id":569103,"date":"2025-11-06T19:22:36","date_gmt":"2025-11-06T18:22:36","guid":{"rendered":"https:\/\/loveforever.se\/?post_type=product&#038;p=569103"},"modified":"2026-03-28T06:16:14","modified_gmt":"2026-03-28T05:16:14","slug":"folyrose-vida-slitna-ljusa-jeans-med-mycket-stretch","status":"publish","type":"product","link":"https:\/\/loveforever.se\/en\/produkt\/folyrose-vida-slitna-ljusa-jeans-med-mycket-stretch\/","title":{"rendered":"Folyrose Vida Slitna Ljusa jeans med mycket stretch"},"content":{"rendered":"","protected":false},"excerpt":{"rendered":"<p>Vida superstretchiga jeans fr\u00e5n Folyrose i en ljus, trendigt sliten denimtv\u00e4tt \u2013 lika bekv\u00e4ma som snygga! Jeansen har en avslappnad, modern passform med stretchig midja och sk\u00f6na ben som faller snyggt.<\/p>\n<p>De har slitna detaljer med tyg under h\u00e5len, s\u00e5 ingen hud syns \u2013 en perfekt balans mellan trendigt och stilrent. Tillverkade i 99% bomull och 1% elastan, vilket ger en sk\u00f6n, l\u00e4tt stretch som h\u00e5ller formen.<\/p>\n<p>Den ljusa bl\u00e5 tv\u00e4tten g\u00f6r dem perfekta till v\u00e5ren och sommaren, men lika fina \u00e5ret runt med boots, sneakers eller klackar.<br \/>\nJeansen \u00e4r normala i storlek och sitter bekv\u00e4mt i midjan.<\/p>\n<p>\u2728 Ett par ljusa, vida jeans du aldrig vill ta av dig \u2013 trendiga, bekv\u00e4ma och fulla av attityd!<\/p>","protected":false},"featured_media":569120,"comment_status":"open","ping_status":"closed","template":"","meta":{"_acf_changed":false},"product_brand":[],"product_cat":[1181],"product_tag":[],"class_list":{"0":"post-569103","1":"product","2":"type-product","3":"status-publish","4":"has-post-thumbnail","6":"product_cat-fynda","8":"first","9":"instock","10":"sale","11":"taxable","12":"shipping-taxable","13":"purchasable","14":"product-type-variable"},"acf":[],"gallery_images":[569121,569122,569123],"_links":{"self":[{"href":"https:\/\/loveforever.se\/en\/wp-json\/wp\/v2\/product\/569103","targetHints":{"allow":["GET"]}}],"collection":[{"href":"https:\/\/loveforever.se\/en\/wp-json\/wp\/v2\/product"}],"about":[{"href":"https:\/\/loveforever.se\/en\/wp-json\/wp\/v2\/types\/product"}],"replies":[{"embeddable":true,"href":"https:\/\/loveforever.se\/en\/wp-json\/wp\/v2\/comments?post=569103"}],"wp:featuredmedia":[{"embeddable":true,"href":"https:\/\/loveforever.se\/en\/wp-json\/wp\/v2\/media\/569120"}],"wp:attachment":[{"href":"https:\/\/loveforever.se\/en\/wp-json\/wp\/v2\/media?parent=569103"}],"wp:term":[{"taxonomy":"product_brand","embeddable":true,"href":"https:\/\/loveforever.se\/en\/wp-json\/wp\/v2\/product_brand?post=569103"},{"taxonomy":"product_cat","embeddable":true,"href":"https:\/\/loveforever.se\/en\/wp-json\/wp\/v2\/product_cat?post=569103"},{"taxonomy":"product_tag","embeddable":true,"href":"https:\/\/loveforever.se\/en\/wp-json\/wp\/v2\/product_tag?post=569103"}],"curies":[{"name":"wp","href":"https:\/\/api.w.org\/{rel}","templated":true}]}}