{"id":569341,"date":"2025-11-18T08:26:00","date_gmt":"2025-11-18T07:26:00","guid":{"rendered":"https:\/\/loveforever.se\/?post_type=product&#038;p=569341"},"modified":"2026-04-12T17:56:24","modified_gmt":"2026-04-12T15:56:24","slug":"chloette-morkbla-toxik-jeans-med-stretch","status":"publish","type":"product","link":"https:\/\/loveforever.se\/en\/produkt\/chloette-morkbla-toxik-jeans-med-stretch\/","title":{"rendered":"Chloette M\u00f6rkbl\u00e5 Toxik Jeans med stretch"},"content":{"rendered":"","protected":false},"excerpt":{"rendered":"<p>Uppt\u00e4ck de snyggaste baggy jeansen i tv\u00e4ttad m\u00f6rkare bl\u00e5 f\u00e4rg! Dessa trendiga jeans \u00e4r tillverkade i ett sk\u00f6nt och bekv\u00e4mt jeanstyg med stretch som ger b\u00e5de r\u00f6relsefrihet och komfort. Med sina trendiga fickor framtill och den subtila 70-talsk\u00e4nslan \u00e4r de ett m\u00e5ste i garderoben.<\/p>\n<p>Styla dina baggy jeans med en blus, t-shirt, skjorta, jeansjacka eller en kavaj f\u00f6r en stilren look. F\u00f6r f\u00f6tterna passar sneakers, boots eller sandaler perfekt beroende p\u00e5 tillf\u00e4lle. Modellen \u00e4r 172 cm l\u00e5ng och b\u00e4r storlek S. Jeansen \u00e4r oversize i modellen, s\u00e5 om du vill ha en mindre oversize-look rekommenderar vi att du g\u00e5r ner en storlek.<\/p>\n<p>Ge din stil ett lyft och v\u00e4lj dessa trendiga baggy jeans f\u00f6r b\u00e5de komfort och stil. Shoppa nu!<\/p>","protected":false},"featured_media":569329,"comment_status":"open","ping_status":"closed","template":"","meta":{"_acf_changed":false},"product_brand":[],"product_cat":[1225,1145,1146,1222],"product_tag":[],"class_list":{"0":"post-569341","1":"product","2":"type-product","3":"status-publish","4":"has-post-thumbnail","6":"product_cat-baggy-jeans","7":"product_cat-denim","8":"product_cat-nederdelar","9":"product_cat-stretch-jeans-dam","11":"first","12":"instock","13":"taxable","14":"shipping-taxable","15":"purchasable","16":"product-type-variable"},"acf":[],"gallery_images":[569328,569327],"_links":{"self":[{"href":"https:\/\/loveforever.se\/en\/wp-json\/wp\/v2\/product\/569341","targetHints":{"allow":["GET"]}}],"collection":[{"href":"https:\/\/loveforever.se\/en\/wp-json\/wp\/v2\/product"}],"about":[{"href":"https:\/\/loveforever.se\/en\/wp-json\/wp\/v2\/types\/product"}],"replies":[{"embeddable":true,"href":"https:\/\/loveforever.se\/en\/wp-json\/wp\/v2\/comments?post=569341"}],"wp:featuredmedia":[{"embeddable":true,"href":"https:\/\/loveforever.se\/en\/wp-json\/wp\/v2\/media\/569329"}],"wp:attachment":[{"href":"https:\/\/loveforever.se\/en\/wp-json\/wp\/v2\/media?parent=569341"}],"wp:term":[{"taxonomy":"product_brand","embeddable":true,"href":"https:\/\/loveforever.se\/en\/wp-json\/wp\/v2\/product_brand?post=569341"},{"taxonomy":"product_cat","embeddable":true,"href":"https:\/\/loveforever.se\/en\/wp-json\/wp\/v2\/product_cat?post=569341"},{"taxonomy":"product_tag","embeddable":true,"href":"https:\/\/loveforever.se\/en\/wp-json\/wp\/v2\/product_tag?post=569341"}],"curies":[{"name":"wp","href":"https:\/\/api.w.org\/{rel}","templated":true}]}}