{"id":569482,"date":"2025-11-24T23:27:09","date_gmt":"2025-11-24T22:27:09","guid":{"rendered":"https:\/\/loveforever.se\/?post_type=product&#038;p=569482"},"modified":"2026-04-30T13:25:48","modified_gmt":"2026-04-30T11:25:48","slug":"l","status":"publish","type":"product","link":"https:\/\/loveforever.se\/en\/produkt\/l\/","title":{"rendered":"Luzzan Kofta med dekorativa knappar Mint"},"content":{"rendered":"","protected":false},"excerpt":{"rendered":"<p>Magiskt mjuk och lyxigt feminin kofta i en fr\u00e4sch mintgr\u00f6n f\u00e4rg som verkligen lyfter hela outfiten. \u2728<br \/>\nKoftan har dekorativa knappar i olika f\u00e4rger med gnistrande strass runtom \u2013 en exklusiv detalj som g\u00f6r den lika perfekt till vardag som till fest.<br \/>\nDu kan dessutom b\u00e4ra den b\u00e5de med knapparna fram eller bak, s\u00e5 du f\u00e5r tv\u00e5 olika looks i ett och samma plagg!<\/p>\n<p>De v\u00e5giga avsluten vid \u00e4rmar och nederkant ger koftan en elegant, romantisk touch och den d\u00e4r typiska bohemiska Love Forever-k\u00e4nslan.<br \/>\nStylingtipset? Jeans, vida byxor, kjol eller \u00f6ver en kl\u00e4nning \u2013 funkar alltid.<\/p>\n<p>One size \u2013 passar S\u2013XL b\u00e4st.<br \/>\nMaterial: 30% polyester, 30% viskos, 25% ull, 10% bomull, 5% elastan.<\/p>","protected":false},"featured_media":569454,"comment_status":"open","ping_status":"closed","template":"","meta":{"_acf_changed":false},"product_brand":[],"product_cat":[1181],"product_tag":[],"class_list":{"0":"post-569482","1":"product","2":"type-product","3":"status-publish","4":"has-post-thumbnail","6":"product_cat-fynda","8":"first","9":"outofstock","10":"sale","11":"taxable","12":"shipping-taxable","13":"purchasable","14":"product-type-variable"},"acf":[],"gallery_images":[],"_links":{"self":[{"href":"https:\/\/loveforever.se\/en\/wp-json\/wp\/v2\/product\/569482","targetHints":{"allow":["GET"]}}],"collection":[{"href":"https:\/\/loveforever.se\/en\/wp-json\/wp\/v2\/product"}],"about":[{"href":"https:\/\/loveforever.se\/en\/wp-json\/wp\/v2\/types\/product"}],"replies":[{"embeddable":true,"href":"https:\/\/loveforever.se\/en\/wp-json\/wp\/v2\/comments?post=569482"}],"wp:featuredmedia":[{"embeddable":true,"href":"https:\/\/loveforever.se\/en\/wp-json\/wp\/v2\/media\/569454"}],"wp:attachment":[{"href":"https:\/\/loveforever.se\/en\/wp-json\/wp\/v2\/media?parent=569482"}],"wp:term":[{"taxonomy":"product_brand","embeddable":true,"href":"https:\/\/loveforever.se\/en\/wp-json\/wp\/v2\/product_brand?post=569482"},{"taxonomy":"product_cat","embeddable":true,"href":"https:\/\/loveforever.se\/en\/wp-json\/wp\/v2\/product_cat?post=569482"},{"taxonomy":"product_tag","embeddable":true,"href":"https:\/\/loveforever.se\/en\/wp-json\/wp\/v2\/product_tag?post=569482"}],"curies":[{"name":"wp","href":"https:\/\/api.w.org\/{rel}","templated":true}]}}