{"id":569551,"date":"2025-11-25T16:47:11","date_gmt":"2025-11-25T15:47:11","guid":{"rendered":"https:\/\/loveforever.se\/?post_type=product&#038;p=569551"},"modified":"2026-05-06T09:25:35","modified_gmt":"2026-05-06T07:25:35","slug":"olivia-blus-svart","status":"publish","type":"product","link":"https:\/\/loveforever.se\/en\/produkt\/olivia-blus-svart\/","title":{"rendered":"Olivia Blus Svart"},"content":{"rendered":"","protected":false},"excerpt":{"rendered":"<p>Magiskt fin blus i mjukt, sk\u00f6nt tyg. Den \u00e4r kort s\u00e5 byxor med h\u00f6g midja \u00e4r superfint till. MOdellen \u00e4r 165cm och har S p\u00e5 gis.<\/p>","protected":false},"featured_media":569562,"comment_status":"open","ping_status":"closed","template":"","meta":{"_acf_changed":false},"product_brand":[],"product_cat":[1181],"product_tag":[],"class_list":{"0":"post-569551","1":"product","2":"type-product","3":"status-publish","4":"has-post-thumbnail","6":"product_cat-fynda","8":"first","9":"instock","10":"sale","11":"taxable","12":"shipping-taxable","13":"purchasable","14":"product-type-variable"},"acf":[],"gallery_images":[569561],"_links":{"self":[{"href":"https:\/\/loveforever.se\/en\/wp-json\/wp\/v2\/product\/569551","targetHints":{"allow":["GET"]}}],"collection":[{"href":"https:\/\/loveforever.se\/en\/wp-json\/wp\/v2\/product"}],"about":[{"href":"https:\/\/loveforever.se\/en\/wp-json\/wp\/v2\/types\/product"}],"replies":[{"embeddable":true,"href":"https:\/\/loveforever.se\/en\/wp-json\/wp\/v2\/comments?post=569551"}],"wp:featuredmedia":[{"embeddable":true,"href":"https:\/\/loveforever.se\/en\/wp-json\/wp\/v2\/media\/569562"}],"wp:attachment":[{"href":"https:\/\/loveforever.se\/en\/wp-json\/wp\/v2\/media?parent=569551"}],"wp:term":[{"taxonomy":"product_brand","embeddable":true,"href":"https:\/\/loveforever.se\/en\/wp-json\/wp\/v2\/product_brand?post=569551"},{"taxonomy":"product_cat","embeddable":true,"href":"https:\/\/loveforever.se\/en\/wp-json\/wp\/v2\/product_cat?post=569551"},{"taxonomy":"product_tag","embeddable":true,"href":"https:\/\/loveforever.se\/en\/wp-json\/wp\/v2\/product_tag?post=569551"}],"curies":[{"name":"wp","href":"https:\/\/api.w.org\/{rel}","templated":true}]}}